{"id":678,"date":"2019-01-29T13:19:19","date_gmt":"2019-01-29T11:19:19","guid":{"rendered":"https:\/\/turkis.dev.wikstrommedia.fi\/yhteystiedot\/"},"modified":"2019-02-25T10:57:59","modified_gmt":"2019-02-25T08:57:59","slug":"kontakt","status":"publish","type":"page","link":"https:\/\/staging.turkiskasvattajat.fi\/sv\/kontakt\/","title":{"rendered":"Kontakt"},"content":{"rendered":"<div class=\"wpb-content-wrapper\"><p>[vc_section full_width=&#8221;stretch_row_content&#8221; full_height=&#8221;yes&#8221; content_placement=&#8221;bottom&#8221; css=&#8221;.vc_custom_1548760822041{background-image: url(https:\/\/staging.turkiskasvattajat.fi\/wp-content\/uploads\/2019\/01\/header-kontakt.png?id=606) !important;background-position: center !important;background-repeat: no-repeat !important;background-size: cover !important;}&#8221; el_class=&#8221;ooc-hero&#8221;][vc_row][vc_column][vc_column_text css_animation=&#8221;none&#8221; el_class=&#8221;ooc-header-textblock&#8221;]<\/p>\n<h1 style=\"text-align: center;\"><strong>Vi uppskattar att du h\u00f6r av dig<\/strong><\/h1>\n<p>[\/vc_column_text][\/vc_column][\/vc_row][vc_row][vc_column][vc_raw_html]JTNDYSUyMGhyZWYlM0QlMjIlMjMlMjElMkZzY3JvbGwlMjIlMjBjbGFzcyUzRCUyMm9vYy1zY3JvbGwtaWNvbiUyMGFuY2hvci1saW5rJTIyJTNFJTNDJTJGYSUzRQ==[\/vc_raw_html][\/vc_column][\/vc_row][\/vc_section][vc_section css=&#8221;.vc_custom_1548253839011{padding-top: 120px !important;padding-bottom: 120px !important;}&#8221; el_id=&#8221;scroll&#8221;][vc_row el_class=&#8221;ooc-narrow-width&#8221;][vc_column][vc_column_text]<\/p>\n<h2 class=\"ooc-small-header\" style=\"text-align: center;\">Kontaktuppgifter<\/h2>\n<h2 class=\"ooc-divider\" style=\"text-align: center;\">Ta kontakt med oss!<\/h2>\n<p>[\/vc_column_text][vc_raw_html]JTNDZGl2JTIwY2xhc3MlM0QlMjJvb2MtY29udGFjdC13cmFwcGVyJTIyJTNFJTBBJTIwJTIwJTNDZGl2JTIwY2xhc3MlM0QlMjJvb2MtY29udGFjdC1pdGVtJTIwbWFya2VyJTIyJTNFJTBBJTIwJTIwJTIwJTIwJTNDcCUzRSUzQ3N0cm9uZyUzRUZpbmxhbmRzJTIwUCVDMyVBNGxzZGp1cnN1cHBmJUMzJUI2ZGFyZXMlMjBGJUMzJUI2cmJ1bmQlMjByZiUzQyUyRnN0cm9uZyUzRSUzQ2JyJTIwJTJGJTNFJTBBTSVDMyVBNXJ0ZW5zYnl2JUMzJUE0Z2VuJTIwNDglM0NiciUyMCUyRiUzRSUwQTAxNzIwJTIwVkFOREElM0NiciUyMCUyRiUzRSUwQUZJTkxBTkQlM0MlMkZwJTNFJTBBJTIwJTIwJTNDJTJGZGl2JTNFJTBBJTIwJTIwJTNDZGl2JTIwY2xhc3MlM0QlMjJvb2MtY29udGFjdC1pdGVtJTIwcGhvbmUlMjIlM0UlMEElMjAlMjAlMjAlMjAlM0NwJTNFJTJCMzU4JTIwJTI4MCUyOTklMjA4NDklMjA4MSUzQyUyRnAlM0UlMEElMjAlMjAlM0MlMkZkaXYlM0UlMEElMjAlMjAlM0NkaXYlMjBjbGFzcyUzRCUyMm9vYy1jb250YWN0LWl0ZW0lMjBlbnZlbG9wZSUyMiUzRSUwQSUyMCUyMCUyMCUyMCUzQ3AlM0VzdGtsLnZhbnRhYSU0MHByb2Z1ci5maSUzQyUyRnAlM0UlMEElMjAlMjAlM0MlMkZkaXYlM0UlMEElM0MlMkZkaXYlM0U=[\/vc_raw_html][\/vc_column][\/vc_row][\/vc_section][vc_section disable_element=&#8221;yes&#8221;][vc_row][vc_column][vc_column_text]\n\n\n\n<div class=\"ooc-pages-slider-wrapper\">\n<div class=\"ooc-title-and-controls\">\n  <h2 class=\"title\">Bekanta dig med v\u00e5ra aktuella \u00e4mnen<\/h2>\n  <div class=\"ooc-pages-slider-controls\">\n    <button type=\"button\" class=\"slider-prev\"><\/button><button type=\"button\" class=\"slider-next\"><\/button>\n  <\/div>\n  <\/div>\n\t\n   <div class=\"ooc-pages-slider-slides\">\n\t\n\t\t\n          <a href=\"https:\/\/staging.turkiskasvattajat.fi\/sv\/visste-du\/\" class=\"ooc-pages-slider-item\" style=\"background-image: url(https:\/\/staging.turkiskasvattajat.fi\/wp-content\/uploads\/2019\/01\/180210_esk_0333-wpcf_400x267.jpg)\">\n            <img decoding=\"async\" src=\"https:\/\/staging.turkiskasvattajat.fi\/wp-content\/uploads\/2019\/01\/180210_esk_0333-wpcf_400x267.jpg\" alt=\"Visste du? | Fakta talar f\u00f6r sig sj\u00e4lvt \" class=\"ooc-hidden\" \/>\n            <div class=\"text\">\n              <h2><strong>Fakta talar f\u00f6r sig sj\u00e4lvt<\/strong>\n                <\/h2><\/div>\n          <\/a>\n\t\t\n          <a href=\"https:\/\/staging.turkiskasvattajat.fi\/sv\/videoarkivet\/\" class=\"ooc-pages-slider-item\" style=\"background-image: url(https:\/\/staging.turkiskasvattajat.fi\/wp-content\/uploads\/2019\/01\/header-videoarkiv-wpcf_400x225.jpg)\">\n            <img decoding=\"async\" src=\"https:\/\/staging.turkiskasvattajat.fi\/wp-content\/uploads\/2019\/01\/header-videoarkiv-wpcf_400x225.jpg\" alt=\"Videoarkivet | P\u00e4lsn\u00e4ringen \u00e4r i goda h\u00e4nder \u00e4ven i framtiden\" class=\"ooc-hidden\" \/>\n            <div class=\"text\">\n              <h2><strong>P\u00e4lsn\u00e4ringen \u00e4r i goda h\u00e4nder<\/strong>\n                <br \/>\u00e4ven i framtiden<\/h2><\/div>\n          <\/a>\n\t\t\n          <a href=\"https:\/\/staging.turkiskasvattajat.fi\/sv\/till-media\/\" class=\"ooc-pages-slider-item\" style=\"background-image: url(https:\/\/staging.turkiskasvattajat.fi\/wp-content\/uploads\/2019\/01\/header-medialle-wpcf_400x225.jpg)\">\n            <img decoding=\"async\" src=\"https:\/\/staging.turkiskasvattajat.fi\/wp-content\/uploads\/2019\/01\/header-medialle-wpcf_400x225.jpg\" alt=\"Till media | Mer \u00e4n tusen ord \" class=\"ooc-hidden\" \/>\n            <div class=\"text\">\n              <h2><strong>Mer \u00e4n tusen ord<\/strong>\n                <\/h2><\/div>\n          <\/a>\n\t\t\n          <a href=\"https:\/\/staging.turkiskasvattajat.fi\/sv\/\" class=\"ooc-pages-slider-item\" style=\"background-image: url(https:\/\/staging.turkiskasvattajat.fi\/wp-content\/uploads\/2018\/11\/headerbild-wpcf_400x225.jpg)\">\n            <img decoding=\"async\" src=\"https:\/\/staging.turkiskasvattajat.fi\/wp-content\/uploads\/2018\/11\/headerbild-wpcf_400x225.jpg\" alt=\"Start | Fr\u00e5n generation till generation \u2013 s\u00e5som det alltid varit\" class=\"ooc-hidden\" \/>\n            <div class=\"text\">\n              <h2><strong>Fr\u00e5n generation till generation<\/strong>\n                <br \/>\u2013 s\u00e5som det alltid varit<\/h2><\/div>\n          <\/a>\n\t\t\n          <a href=\"https:\/\/staging.turkiskasvattajat.fi\/sv\/palsen\/\" class=\"ooc-pages-slider-item\" style=\"background-image: url(https:\/\/staging.turkiskasvattajat.fi\/wp-content\/uploads\/2018\/12\/palsen-header-wpcf_400x225.jpg)\">\n            <img decoding=\"async\" src=\"https:\/\/staging.turkiskasvattajat.fi\/wp-content\/uploads\/2018\/12\/palsen-header-wpcf_400x225.jpg\" alt=\"P\u00e4lsen | En inhemsk p\u00e4ls \u00e4r ett p\u00e5litligt plagg \" class=\"ooc-hidden\" \/>\n            <div class=\"text\">\n              <h2><strong>En inhemsk p\u00e4ls \u00e4r ett p\u00e5litligt plagg<\/strong>\n                <\/h2><\/div>\n          <\/a>\n\t\t\n          <a href=\"https:\/\/staging.turkiskasvattajat.fi\/sv\/naringen\/\" class=\"ooc-pages-slider-item\" style=\"background-image: url(https:\/\/staging.turkiskasvattajat.fi\/wp-content\/uploads\/2019\/01\/181809_esk_0599-wpcf_400x267.jpg)\">\n            <img decoding=\"async\" src=\"https:\/\/staging.turkiskasvattajat.fi\/wp-content\/uploads\/2019\/01\/181809_esk_0599-wpcf_400x267.jpg\" alt=\"N\u00e4ringen | Livskraft, livskvalitet och en bra vardag\" class=\"ooc-hidden\" \/>\n            <div class=\"text\">\n              <h2><strong>Livskraft, livskvalitet<\/strong>\n                <br \/>och en bra vardag<\/h2><\/div>\n          <\/a>\n\t\t\n          <a href=\"https:\/\/staging.turkiskasvattajat.fi\/sv\/fotoarkivet\/\" class=\"ooc-pages-slider-item\" style=\"background-image: url(https:\/\/staging.turkiskasvattajat.fi\/wp-content\/uploads\/2019\/01\/header-videoarkiv-wpcf_400x225.jpg)\">\n            <img decoding=\"async\" src=\"https:\/\/staging.turkiskasvattajat.fi\/wp-content\/uploads\/2019\/01\/header-videoarkiv-wpcf_400x225.jpg\" alt=\"Fotoarkivet | P\u00e4lsn\u00e4ringen \u00e4r i goda h\u00e4nder \u00e4ven i framtiden\" class=\"ooc-hidden\" \/>\n            <div class=\"text\">\n              <h2><strong>P\u00e4lsn\u00e4ringen \u00e4r i goda h\u00e4nder<\/strong>\n                <br \/>\u00e4ven i framtiden<\/h2><\/div>\n          <\/a>\n\t\t\n          <a href=\"https:\/\/staging.turkiskasvattajat.fi\/sv\/foretagaren\/\" class=\"ooc-pages-slider-item\" style=\"background-image: url(https:\/\/staging.turkiskasvattajat.fi\/wp-content\/uploads\/2018\/12\/header-foretagaren-wpcf_400x225.jpg)\">\n            <img decoding=\"async\" src=\"https:\/\/staging.turkiskasvattajat.fi\/wp-content\/uploads\/2018\/12\/header-foretagaren-wpcf_400x225.jpg\" alt=\"F\u00f6retagaren | Del av en l\u00e5ng generationskedja \" class=\"ooc-hidden\" \/>\n            <div class=\"text\">\n              <h2><strong>Del av en l\u00e5ng generationskedja<\/strong>\n                <\/h2><\/div>\n          <\/a>\n\t\t\n          <a href=\"https:\/\/staging.turkiskasvattajat.fi\/sv\/farmen\/\" class=\"ooc-pages-slider-item\" style=\"background-image: url(https:\/\/staging.turkiskasvattajat.fi\/wp-content\/uploads\/2018\/12\/header-farmen-wpcf_400x225.jpg)\">\n            <img decoding=\"async\" src=\"https:\/\/staging.turkiskasvattajat.fi\/wp-content\/uploads\/2018\/12\/header-farmen-wpcf_400x225.jpg\" alt=\"Farmen | P\u00e4lsdjurens v\u00e4lm\u00e5ende \u00e4r en hj\u00e4rtesak f\u00f6r oss\" class=\"ooc-hidden\" \/>\n            <div class=\"text\">\n              <h2><strong>P\u00e4lsdjurens v\u00e4lm\u00e5ende<\/strong>\n                <br \/>\u00e4r en hj\u00e4rtesak f\u00f6r oss<\/h2><\/div>\n          <\/a>\n\t\t\n          <a href=\"https:\/\/staging.turkiskasvattajat.fi\/sv\/faq\/\" class=\"ooc-pages-slider-item\" style=\"background-image: url(https:\/\/staging.turkiskasvattajat.fi\/wp-content\/uploads\/2019\/01\/faq-header-wpcf_400x225.png)\">\n            <img decoding=\"async\" src=\"https:\/\/staging.turkiskasvattajat.fi\/wp-content\/uploads\/2019\/01\/faq-header-wpcf_400x225.png\" alt=\"FAQ | Fr\u00e5ga hellre - gissa inte. \" class=\"ooc-hidden\" \/>\n            <div class=\"text\">\n              <h2><strong>Fr\u00e5ga hellre - gissa inte.<\/strong>\n                <\/h2><\/div>\n          <\/a>\n\t\t\n          <a href=\"https:\/\/staging.turkiskasvattajat.fi\/sv\/aktuellt\/\" class=\"ooc-pages-slider-item\" style=\"background-image: url(https:\/\/staging.turkiskasvattajat.fi\/wp-content\/uploads\/2019\/01\/header-ajankohtaista-wpcf_400x213.png)\">\n            <img decoding=\"async\" src=\"https:\/\/staging.turkiskasvattajat.fi\/wp-content\/uploads\/2019\/01\/header-ajankohtaista-wpcf_400x213.png\" alt=\"Aktuellt | Senaste nytt inom p\u00e4lsbranschen \" class=\"ooc-hidden\" \/>\n            <div class=\"text\">\n              <h2><strong>Senaste nytt inom p\u00e4lsbranschen<\/strong>\n                <\/h2><\/div>\n          <\/a>\n\t\t\n\t\n  <\/div>\n\t\n                                              \n\t\n<\/div>\n\n[\/vc_column_text][\/vc_column][\/vc_row][\/vc_section]<\/p>\n<\/div>","protected":false},"excerpt":{"rendered":"<p>[vc_section full_width=&#8221;stretch_row_content&#8221; full_height=&#8221;yes&#8221; content_placement=&#8221;bottom&#8221; css=&#8221;.vc_custom_1548760822041{background-image: url(https:\/\/staging.turkiskasvattajat.fi\/wp-content\/uploads\/2019\/01\/header-kontakt.png?id=606) !important;background-position: center !important;background-repeat: no-repeat !important;background-size: cover !important;}&#8221; el_class=&#8221;ooc-hero&#8221;][vc_row][vc_column][vc_column_text css_animation=&#8221;none&#8221; el_class=&#8221;ooc-header-textblock&#8221;] Vi uppskattar att du h\u00f6r av dig [\/vc_column_text][\/vc_column][\/vc_row][vc_row][vc_column][vc_raw_html]JTNDYSUyMGhyZWYlM0QlMjIlMjMlMjElMkZzY3JvbGwlMjIlMjBjbGFzcyUzRCUyMm9vYy1zY3JvbGwtaWNvbiUyMGFuY2hvci1saW5rJTIyJTNFJTNDJTJGYSUzRQ==[\/vc_raw_html][\/vc_column][\/vc_row][\/vc_section][vc_section css=&#8221;.vc_custom_1548253839011{padding-top: 120px !important;padding-bottom: 120px !important;}&#8221; el_id=&#8221;scroll&#8221;][vc_row el_class=&#8221;ooc-narrow-width&#8221;][vc_column][vc_column_text] Kontaktuppgifter Ta kontakt med oss! [\/vc_column_text][vc_raw_html]JTNDZGl2JTIwY2xhc3MlM0QlMjJvb2MtY29udGFjdC13cmFwcGVyJTIyJTNFJTBBJTIwJTIwJTNDZGl2JTIwY2xhc3MlM0QlMjJvb2MtY29udGFjdC1pdGVtJTIwbWFya2VyJTIyJTNFJTBBJTIwJTIwJTIwJTIwJTNDcCUzRSUzQ3N0cm9uZyUzRUZpbmxhbmRzJTIwUCVDMyVBNGxzZGp1cnN1cHBmJUMzJUI2ZGFyZXMlMjBGJUMzJUI2cmJ1bmQlMjByZiUzQyUyRnN0cm9uZyUzRSUzQ2JyJTIwJTJGJTNFJTBBTSVDMyVBNXJ0ZW5zYnl2JUMzJUE0Z2VuJTIwNDglM0NiciUyMCUyRiUzRSUwQTAxNzIwJTIwVkFOREElM0NiciUyMCUyRiUzRSUwQUZJTkxBTkQlM0MlMkZwJTNFJTBBJTIwJTIwJTNDJTJGZGl2JTNFJTBBJTIwJTIwJTNDZGl2JTIwY2xhc3MlM0QlMjJvb2MtY29udGFjdC1pdGVtJTIwcGhvbmUlMjIlM0UlMEElMjAlMjAlMjAlMjAlM0NwJTNFJTJCMzU4JTIwJTI4MCUyOTklMjA4NDklMjA4MSUzQyUyRnAlM0UlMEElMjAlMjAlM0MlMkZkaXYlM0UlMEElMjAlMjAlM0NkaXYlMjBjbGFzcyUzRCUyMm9vYy1jb250YWN0LWl0ZW0lMjBlbnZlbG9wZSUyMiUzRSUwQSUyMCUyMCUyMCUyMCUzQ3AlM0VzdGtsLnZhbnRhYSU0MHByb2Z1ci5maSUzQyUyRnAlM0UlMEElMjAlMjAlM0MlMkZkaXYlM0UlMEElM0MlMkZkaXYlM0U=[\/vc_raw_html][\/vc_column][\/vc_row][\/vc_section][vc_section disable_element=&#8221;yes&#8221;][vc_row][vc_column][vc_column_text] Bekanta dig med v\u00e5ra aktuella \u00e4mnen Fakta talar f\u00f6r sig sj\u00e4lvt P\u00e4lsn\u00e4ringen \u00e4r i goda h\u00e4nder \u00e4ven&hellip;<\/p>\n","protected":false},"author":2,"featured_media":0,"parent":0,"menu_order":0,"comment_status":"closed","ping_status":"closed","template":"","meta":{"footnotes":""},"_links":{"self":[{"href":"https:\/\/staging.turkiskasvattajat.fi\/sv\/wp-json\/wp\/v2\/pages\/678"}],"collection":[{"href":"https:\/\/staging.turkiskasvattajat.fi\/sv\/wp-json\/wp\/v2\/pages"}],"about":[{"href":"https:\/\/staging.turkiskasvattajat.fi\/sv\/wp-json\/wp\/v2\/types\/page"}],"author":[{"embeddable":true,"href":"https:\/\/staging.turkiskasvattajat.fi\/sv\/wp-json\/wp\/v2\/users\/2"}],"replies":[{"embeddable":true,"href":"https:\/\/staging.turkiskasvattajat.fi\/sv\/wp-json\/wp\/v2\/comments?post=678"}],"version-history":[{"count":6,"href":"https:\/\/staging.turkiskasvattajat.fi\/sv\/wp-json\/wp\/v2\/pages\/678\/revisions"}],"predecessor-version":[{"id":956,"href":"https:\/\/staging.turkiskasvattajat.fi\/sv\/wp-json\/wp\/v2\/pages\/678\/revisions\/956"}],"wp:attachment":[{"href":"https:\/\/staging.turkiskasvattajat.fi\/sv\/wp-json\/wp\/v2\/media?parent=678"}],"curies":[{"name":"wp","href":"https:\/\/api.w.org\/{rel}","templated":true}]}}