{"id":651,"date":"2018-12-24T03:49:51","date_gmt":"2018-12-24T01:49:51","guid":{"rendered":"https:\/\/turkis.dev.wikstrommedia.fi\/turkis\/"},"modified":"2019-02-25T15:39:05","modified_gmt":"2019-02-25T13:39:05","slug":"palsen","status":"publish","type":"page","link":"https:\/\/staging.turkiskasvattajat.fi\/sv\/palsen\/","title":{"rendered":"P\u00e4lsen"},"content":{"rendered":"<div class=\"wpb-content-wrapper\"><p>[vc_section full_width=&#8221;stretch_row_content&#8221; full_height=&#8221;yes&#8221; content_placement=&#8221;bottom&#8221; css=&#8221;.vc_custom_1545616150155{background-image: url(https:\/\/staging.turkiskasvattajat.fi\/wp-content\/uploads\/2018\/12\/palsen-header.jpg?id=362) !important;background-position: center !important;background-repeat: no-repeat !important;background-size: cover !important;}&#8221; el_class=&#8221;ooc-hero&#8221;][vc_row][vc_column][vc_column_text css_animation=&#8221;none&#8221; el_class=&#8221;ooc-header-textblock&#8221;]<\/p>\n<h1 style=\"text-align: center;\"><strong>En inhemsk p\u00e4ls \u00e4r ett p\u00e5litligt plagg<\/strong><\/h1>\n<p>[\/vc_column_text][\/vc_column][\/vc_row][vc_row][vc_column][vc_raw_html]JTNDYSUyMGhyZWYlM0QlMjIlMjMlMjElMkZzY3JvbGwlMjIlMjBjbGFzcyUzRCUyMm9vYy1zY3JvbGwtaWNvbiUyMGFuY2hvci1saW5rJTIyJTNFJTNDJTJGYSUzRQ==[\/vc_raw_html][\/vc_column][\/vc_row][\/vc_section][vc_section css=&#8221;.vc_custom_1548253839011{padding-top: 120px !important;padding-bottom: 120px !important;}&#8221; el_id=&#8221;scroll&#8221;][vc_row el_class=&#8221;ooc-narrow-width&#8221;][vc_column][vc_column_text]<\/p>\n<h2 class=\"ooc-small-header\">P\u00e4lsen<\/h2>\n<h2 class=\"ooc-divider\">En naturprodukt av h\u00f6g kvalit\u00e9<\/h2>\n<p>[\/vc_column_text][vc_column_text el_class=&#8221;columnize&#8221;]\u00c4kta p\u00e4ls \u00e4r h\u00e5llbar, naturlig, ekologiskt producerad och \u00e5tervinningsbar. Det inhemska certifieringssystemet garanterar att man kan lita p\u00e5 p\u00e4lsens fastst\u00e4llda ursprung. D\u00e4rf\u00f6r har v\u00e5ra produkter ocks\u00e5 en genuin internationell efterfr\u00e5gan.<\/p>\n<p>Om en p\u00e4ls har framst\u00e4llts av skinn fr\u00e5n en inhemsk och certifierad farm kan man lita p\u00e5 att den \u00e4r av h\u00f6g kvalitet och att den har producerats under r\u00e4ttvisa f\u00f6rh\u00e5llanden.<\/p>\n<p>Vilka andra anv\u00e4ndningsomr\u00e5den f\u00f6r p\u00e4lsen k\u00e4nner du till? F\u00f6rutom den traditionella p\u00e4lskappan g\u00f6rs ocks\u00e5 andra typer av plagg (huvudbonader, handskar) och olika typer av dekorationer av p\u00e4ls. Man syr \u00e4ven halsdukar, boleros och muffar av p\u00e4ls. P\u00e5 grund av dess funktionella egenskaper passar p\u00e4lsen bra f\u00f6r daglig anv\u00e4ndning. Eftersom \u00e4kta p\u00e4ls har en vacker glans kan den ocks\u00e5 anv\u00e4ndas f\u00f6r att g\u00f6ra eleganta utstyrslar till festliga tillf\u00e4llen. P\u00e4lsen rynkar inte kl\u00e4derna undertill och fungerar d\u00e4rf\u00f6r mycket bra som ytterkl\u00e4der.<\/p>\n<p>P\u00e4ls \u00e4r ett material som passar i nordlig milj\u00f6n. Det t\u00e5l regn, vind och sn\u00f6stormar. Ju fler minusgrader, desto b\u00e4ttre. N\u00e4r det kommer till varma material \u00e4r p\u00e4lsen \u00f6verl\u00e4gsen. En huva kantad med p\u00e4ls skapar ett varmare klimat runt ansiktet och skyddar den k\u00e4nsliga huden i kallt v\u00e4der.<\/p>\n<p>Hur kan man d\u00e5 vara b\u00e5de modern och milj\u00f6medveten? Genom att v\u00e4lja \u00e4kta p\u00e4ls! \u00c4kta p\u00e4ls \u00e4r sn\u00e4llare mot milj\u00f6n i j\u00e4mf\u00f6relse med syntetisk p\u00e4ls. \u00c4kta p\u00e4ls b\u00f6rjar f\u00f6rmultna redan efter 30 dagar. D\u00e4rf\u00f6r \u00e4r den ett mycket b\u00e4ttre alternativ f\u00f6r naturen \u00e4n en fuskp\u00e4ls som inneh\u00e5ller mikroplaster.[\/vc_column_text][\/vc_column][\/vc_row][\/vc_section][vc_section full_width=&#8221;stretch_row&#8221; css=&#8221;.vc_custom_1548253394872{padding-top: 0px !important;padding-bottom: 0px !important;background-color: #f4f4f4 !important;}&#8221;][vc_row full_width=&#8221;stretch_row_content_no_spaces&#8221; equal_height=&#8221;yes&#8221;][vc_column width=&#8221;1\/2&#8243; css=&#8221;.vc_custom_1548253556064{padding-top: 80px !important;padding-bottom: 80px !important;}&#8221;][vc_column_text el_class=&#8221;ooc-narrow-width w650 padding&#8221;]<\/p>\n<h2 class=\"ooc-small-header\">P\u00e4lsens sk\u00f6tsel och f\u00f6rvaring<\/h2>\n<h2 class=\"ooc-divider\">Anv\u00e4nd den ofta och sk\u00f6t den r\u00e4tt<\/h2>\n<p>P\u00e4lsplagget m\u00e5r b\u00e4st n\u00e4r det anv\u00e4nds flitigt. Det \u00e4r en \u00e4kta naturprodukt som m\u00e5r bra av att vara ute i v\u00e4der och vind \u2013 m\u00e5nga p\u00e4lstyper kan t.o.m. anv\u00e4ndas i sn\u00f6blandat regn med gott samvete. V\u00e4dra g\u00e4rna p\u00e4lsen i kyligt v\u00e4der. H\u00e4ng den sen p\u00e5 en tillr\u00e4ckligt st\u00f6djande galge och f\u00f6rvara den svalt och skyddad fr\u00e5n ljus. Det b\u00e4sta s\u00e4ttet att skydda p\u00e4lsen \u00e4r med tyg: ett gammalt p\u00e5slakan kan t.ex. f\u00e5 ny funktion som f\u00f6rvaringsp\u00e5se, klipp bara upp tillr\u00e4ckligt m\u00e5nga lufth\u00e5l.<\/p>\n<p>Reng\u00f6r p\u00e4lsen regelbundet. P\u00e5 det s\u00e4ttet f\u00e5r man p\u00e4lsens bottenull ren fr\u00e5n damm och annan eventuell smuts. T\u00e4ckh\u00e5ren kommer d\u00e5 vackert fram. Om du planerar reng\u00f6ra p\u00e4lsen sj\u00e4lv \u00e4r det bra att fr\u00e5ga r\u00e5d fr\u00e5n en expert f\u00f6rst.[\/vc_column_text][\/vc_column][vc_column width=&#8221;1\/2&#8243; css=&#8221;.vc_custom_1548253512241{padding-top: 300px !important;background-image: url(https:\/\/staging.turkiskasvattajat.fi\/wp-content\/uploads\/2019\/01\/offset_comp_328882_2.jpg?id=508) !important;background-position: center !important;background-repeat: no-repeat !important;background-size: cover !important;}&#8221;][vc_single_image image=&#8221;508&#8243; img_size=&#8221;full&#8221; image_hovers=&#8221;false&#8221; el_class=&#8221;ooc-hidden&#8221;][\/vc_column][\/vc_row][\/vc_section][vc_section css=&#8221;.vc_custom_1548253898644{padding-top: 120px !important;padding-bottom: 120px !important;}&#8221;][vc_row el_class=&#8221;ooc-narrow-width w850&#8243;][vc_column][vc_column_text]<\/p>\n<h2>Modet f\u00f6r\u00e4ndras, men p\u00e4lsen \u00e4r evig<\/h2>\n<p>&nbsp;<\/p>\n<p>Stor del av p\u00e4lsarna moderniseras idag till f\u00f6ljd av de globala trenderna med h\u00e5llbar utveckling och \u00e5tervinning. En korrekt f\u00f6rvarad p\u00e4ls \u00e4r ett evigt naturmaterial vars bruksegenskaper \u00e4r b\u00e4ttre \u00e4n de syntetiska materialens. P\u00e4ls som material kan f\u00f6rnyas g\u00e5ng p\u00e5 g\u00e5ng f\u00f6r ny anv\u00e4ndning. Kvalit\u00e9n p\u00e5 materialet och k\u00f6rsn\u00e4rernas hantverk g\u00f6r p\u00e4lsplagget v\u00e4rdefullt. D\u00e4rf\u00f6r tas den ocks\u00e5 omhand b\u00e4ttre och anv\u00e4nds l\u00e4ngre.<\/p>\n<p>Vad \u00e4r en k\u00f6rsn\u00e4r? K\u00f6rsn\u00e4ren bereder, designar och syr p\u00e4lsplagg. Yrket som k\u00f6rsn\u00e4r \u00e4r ett av de \u00e4ldsta hantverkaryrkena som finns. I deras skickliga h\u00e4nder f\u00f6rvandlas p\u00e4lsen till m\u00e5nga olika produkter \u2013 av den gamla p\u00e4lsen g\u00f6rs t.ex. nya bruksplagg. Kunderna ber\u00e4ttar fascinerande ber\u00e4ttelser om p\u00e4lsens historia f\u00f6r k\u00f6rsn\u00e4ren. M\u00e5nga ber\u00e4ttelser liknar varandra, men \u00e4r p\u00e5 samma g\u00e5ng nya och unika f\u00f6r varje g\u00e5ng. P\u00e4lsen kan vara ett arvegods fr\u00e5n flera generationer tillbaka och den kan ha sytts i en atelj\u00e9 d\u00e4r tillverkaren \u00e4r k\u00e4nd. N\u00e5gon annan kan ha hittat en n\u00e5gra \u00e5rtionden gammal p\u00e4ls i nyskick och vill att den moderniseras. Till exempel sys ofta l\u00e4ngre p\u00e4lsar om till kortare modeller f\u00f6r att b\u00e4ttre passa n\u00e4r man k\u00f6r bil. Man kan ocks\u00e5 ta tillvara mindre bitar av en p\u00e4ls, exempelvis som en l\u00e5ng v\u00e4rmande v\u00e4st ovanp\u00e5 en tunn ytterjacka. P\u00e5 det h\u00e4r viset kan man \u00e5teranv\u00e4nda begagnade gamla p\u00e4lsar. P\u00e5 samma g\u00e5ng bevaras den traditionella hantverkarkonsten.<\/p>\n<p>Har du en p\u00e4ls som beh\u00f6ver moderniseras? Till vem ska man i s\u00e5 fall v\u00e4nda sig? Professionella k\u00f6rsn\u00e4rer hittar du bl.a. via denna l\u00e4nk: <a href=\"https:\/\/turkiskaupanliitto.fi\/\" target=\"_blank\" rel=\"noopener\">https:\/\/turkiskaupanliitto.fi\/<\/a>[\/vc_column_text][\/vc_column][\/vc_row][\/vc_section][vc_section full_width=&#8221;stretch_row&#8221; css=&#8221;.vc_custom_1548254246156{padding-top: 120px !important;padding-bottom: 120px !important;background-color: #62a29f !important;}&#8221;][vc_row el_class=&#8221;ooc-besok-palsfarm-row&#8221;][vc_column width=&#8221;1\/2&#8243; el_class=&#8221;left-column&#8221;][vc_column_text]<\/p>\n<h2 class=\"ooc-white\">Vill du<br \/>\nbes\u00f6ka<br \/>\nen farm?<\/h2>\n<p>[\/vc_column_text][\/vc_column][vc_column width=&#8221;1\/2&#8243; el_class=&#8221;right-column&#8221;][vc_column_text el_class=&#8221;ooc-white&#8221;]F\u00f6retagarna h\u00e4lsar bes\u00f6kare hj\u00e4rtligt v\u00e4lkomna och visar g\u00e4rna hur finl\u00e4ndsk p\u00e4ls produceras. Avtala om bes\u00f6k med uppf\u00f6daren p\u00e5 f\u00f6rhand, eftersom djurens v\u00e4lm\u00e5ende alltid kommer i f\u00f6rsta hand.[\/vc_column_text][\/vc_column][\/vc_row][\/vc_section][vc_section full_width=&#8221;stretch_row&#8221; parallax=&#8221;content-moving&#8221; css=&#8221;.vc_custom_1548268893117{padding-top: 120px !important;padding-bottom: 120px !important;background-image: url(https:\/\/staging.turkiskasvattajat.fi\/wp-content\/uploads\/2019\/01\/faq-header.png?id=371) !important;background-position: center !important;background-repeat: no-repeat !important;background-size: cover !important;}&#8221;][vc_row content_placement=&#8221;middle&#8221; el_class=&#8221;ooc-faq-splash-row&#8221;][vc_column width=&#8221;1\/2&#8243; el_class=&#8221;left-column&#8221;][vc_column_text el_class=&#8221;ooc-white&#8221;]<\/p>\n<h2 class=\"ooc-small-header\">Fr\u00e5gor &amp; svar<\/h2>\n<h2>Ni fr\u00e5gar,<br \/>\n<span class=\"ooc-thin\">vi svarar!<\/span><\/h2>\n<p>[\/vc_column_text][\/vc_column][vc_column width=&#8221;1\/2&#8243; el_class=&#8221;right-column&#8221;][vc_column_text el_class=&#8221;ooc-white&#8221;]\n\n\n\n<div class=\"ooc-faq-wrapper ooc-white ooc-column\">\n\t\n\t\n\t\t\n          <article id=\"faq-varfor-ska-man-inte-valja-fuskpals\" class=\"ooc-faq-item\">\n            <input type=\"checkbox\" id=\"varfor-ska-man-inte-valja-fuskpals\" name=\"ooc-faq-checkbox\" \/>\n            <h1><label for=\"varfor-ska-man-inte-valja-fuskpals\">Varf\u00f6r ska man inte v\u00e4lja fuskp\u00e4ls?<\/label><\/h1>\n            <div class=\"ooc-faq-answer\">\n            \t<p>Syntetisk p\u00e4ls m\u00e5 vara billig vid ink\u00f6p men har kort livsl\u00e4ngd och inneh\u00e5ller mikroplaster som l\u00e4mnar sp\u00e5r i naturen, den f\u00f6rmultnar inte som \u00e4kta p\u00e4ls. \u00c4kta p\u00e4ls \u00e4r ett slitstarkt och \u00e5tervinningsbart naturmaterial. \u00c4kta p\u00e4ls kan b\u00e4ras med stolthet \u2013 du har gjort ett val f\u00f6r milj\u00f6n.<\/p>\n\n            <\/div>\n          <\/article>\n\t\t\n          <article id=\"faq-hur-kan-man-forsakra-sig-om-att-palsen-pa-ett-plagg-ar-inhemsk\" class=\"ooc-faq-item\">\n            <input type=\"checkbox\" id=\"hur-kan-man-forsakra-sig-om-att-palsen-pa-ett-plagg-ar-inhemsk\" name=\"ooc-faq-checkbox\" \/>\n            <h1><label for=\"hur-kan-man-forsakra-sig-om-att-palsen-pa-ett-plagg-ar-inhemsk\">Hur kan man f\u00f6rs\u00e4kra sig om att p\u00e4lsen p\u00e5 ett plagg \u00e4r inhemsk?<\/label><\/h1>\n            <div class=\"ooc-faq-answer\">\n            \t<p>P\u00e4ls fr\u00e5n certifierade farmer m\u00e4rks med en streckkod f\u00f6r att ursprunget ska kunna sp\u00e5ras. D\u00e4rf\u00f6r kan internationella modehus som anv\u00e4nder skinn fr\u00e5n finska certifierade p\u00e4lsfarmer i sina kollektioner lita p\u00e5 att skinnen \u00e4r producerade under r\u00e4ttvisa f\u00f6rh\u00e5llanden och att de \u00e4r av god kvalitet. M\u00e5nga av modehusen vill att de skinn de anv\u00e4nt ska kunna sp\u00e5ras tillbaka till farmen. Samma m\u00e4rkningar ber\u00e4ttar om p\u00e4lsens ursprung f\u00f6r slutkonsumenten.<\/p>\n\n            <\/div>\n          <\/article>\n\t\t\n          <article id=\"faq-varifran-hittar-man-inhemska-palsplagg\" class=\"ooc-faq-item\">\n            <input type=\"checkbox\" id=\"varifran-hittar-man-inhemska-palsplagg\" name=\"ooc-faq-checkbox\" \/>\n            <h1><label for=\"varifran-hittar-man-inhemska-palsplagg\">Varifr\u00e5n hittar man inhemska p\u00e4lsplagg?<\/label><\/h1>\n            <div class=\"ooc-faq-answer\">\n            \t<p>P\u00e4ls \u00e4r ett slitstarkt material som passar bra i nordliga f\u00f6rh\u00e5llanden. Bekanta dig med \u00e4mnet p\u00e5 sidan <a href=\"https:\/\/www.luonnonvaate.fi\" rel=\"noopener\" target=\"_blank\">www.luonnonvaate.fi<\/a>. Under avsnittet om p\u00e4ls (turkis) finns l\u00e4nkar till sidor d\u00e4r man kan skaffa inhemska p\u00e4lsprodukter.<\/p>\n\n            <\/div>\n          <\/article>\n\t\t\n\t\n\t\n\t\n<\/div>\n\n[\/vc_column_text][\/vc_column][\/vc_row][\/vc_section][vc_section][vc_row][vc_column][vc_column_text]\n\n\n\n<div class=\"ooc-pages-slider-wrapper\">\n<div class=\"ooc-title-and-controls\">\n  <h2 class=\"title\">Bekanta dig med v\u00e5ra aktuella \u00e4mnen<\/h2>\n  <div class=\"ooc-pages-slider-controls\">\n    <button type=\"button\" class=\"slider-prev\"><\/button><button type=\"button\" class=\"slider-next\"><\/button>\n  <\/div>\n  <\/div>\n\t\n   <div class=\"ooc-pages-slider-slides\">\n\t\n\t\t\n          <a href=\"https:\/\/staging.turkiskasvattajat.fi\/sv\/visste-du\/\" class=\"ooc-pages-slider-item\" style=\"background-image: url(https:\/\/staging.turkiskasvattajat.fi\/wp-content\/uploads\/2019\/01\/180210_esk_0333-wpcf_400x267.jpg)\">\n            <img decoding=\"async\" src=\"https:\/\/staging.turkiskasvattajat.fi\/wp-content\/uploads\/2019\/01\/180210_esk_0333-wpcf_400x267.jpg\" alt=\"Visste du? | Fakta talar f\u00f6r sig sj\u00e4lvt \" class=\"ooc-hidden\" \/>\n            <div class=\"text\">\n              <h2><strong>Fakta talar f\u00f6r sig sj\u00e4lvt<\/strong>\n                <\/h2><\/div>\n          <\/a>\n\t\t\n          <a href=\"https:\/\/staging.turkiskasvattajat.fi\/sv\/videoarkivet\/\" class=\"ooc-pages-slider-item\" style=\"background-image: url(https:\/\/staging.turkiskasvattajat.fi\/wp-content\/uploads\/2019\/01\/header-videoarkiv-wpcf_400x225.jpg)\">\n            <img decoding=\"async\" src=\"https:\/\/staging.turkiskasvattajat.fi\/wp-content\/uploads\/2019\/01\/header-videoarkiv-wpcf_400x225.jpg\" alt=\"Videoarkivet | P\u00e4lsn\u00e4ringen \u00e4r i goda h\u00e4nder \u00e4ven i framtiden\" class=\"ooc-hidden\" \/>\n            <div class=\"text\">\n              <h2><strong>P\u00e4lsn\u00e4ringen \u00e4r i goda h\u00e4nder<\/strong>\n                <br \/>\u00e4ven i framtiden<\/h2><\/div>\n          <\/a>\n\t\t\n          <a href=\"https:\/\/staging.turkiskasvattajat.fi\/sv\/till-media\/\" class=\"ooc-pages-slider-item\" style=\"background-image: url(https:\/\/staging.turkiskasvattajat.fi\/wp-content\/uploads\/2019\/01\/header-medialle-wpcf_400x225.jpg)\">\n            <img decoding=\"async\" src=\"https:\/\/staging.turkiskasvattajat.fi\/wp-content\/uploads\/2019\/01\/header-medialle-wpcf_400x225.jpg\" alt=\"Till media | Mer \u00e4n tusen ord \" class=\"ooc-hidden\" \/>\n            <div class=\"text\">\n              <h2><strong>Mer \u00e4n tusen ord<\/strong>\n                <\/h2><\/div>\n          <\/a>\n\t\t\n          <a href=\"https:\/\/staging.turkiskasvattajat.fi\/sv\/\" class=\"ooc-pages-slider-item\" style=\"background-image: url(https:\/\/staging.turkiskasvattajat.fi\/wp-content\/uploads\/2018\/11\/headerbild-wpcf_400x225.jpg)\">\n            <img decoding=\"async\" src=\"https:\/\/staging.turkiskasvattajat.fi\/wp-content\/uploads\/2018\/11\/headerbild-wpcf_400x225.jpg\" alt=\"Start | Fr\u00e5n generation till generation \u2013 s\u00e5som det alltid varit\" class=\"ooc-hidden\" \/>\n            <div class=\"text\">\n              <h2><strong>Fr\u00e5n generation till generation<\/strong>\n                <br \/>\u2013 s\u00e5som det alltid varit<\/h2><\/div>\n          <\/a>\n\t\t\n          <a href=\"https:\/\/staging.turkiskasvattajat.fi\/sv\/naringen\/\" class=\"ooc-pages-slider-item\" style=\"background-image: url(https:\/\/staging.turkiskasvattajat.fi\/wp-content\/uploads\/2019\/01\/181809_esk_0599-wpcf_400x267.jpg)\">\n            <img decoding=\"async\" src=\"https:\/\/staging.turkiskasvattajat.fi\/wp-content\/uploads\/2019\/01\/181809_esk_0599-wpcf_400x267.jpg\" alt=\"N\u00e4ringen | Livskraft, livskvalitet och en bra vardag\" class=\"ooc-hidden\" \/>\n            <div class=\"text\">\n              <h2><strong>Livskraft, livskvalitet<\/strong>\n                <br \/>och en bra vardag<\/h2><\/div>\n          <\/a>\n\t\t\n          <a href=\"https:\/\/staging.turkiskasvattajat.fi\/sv\/kontakt\/\" class=\"ooc-pages-slider-item\" style=\"background-image: url(https:\/\/staging.turkiskasvattajat.fi\/wp-content\/uploads\/2019\/01\/header-kontakt-wpcf_400x225.png)\">\n            <img decoding=\"async\" src=\"https:\/\/staging.turkiskasvattajat.fi\/wp-content\/uploads\/2019\/01\/header-kontakt-wpcf_400x225.png\" alt=\"Kontakt | Vi uppskattar att du h\u00f6r av dig \" class=\"ooc-hidden\" \/>\n            <div class=\"text\">\n              <h2><strong>Vi uppskattar att du h\u00f6r av dig<\/strong>\n                <\/h2><\/div>\n          <\/a>\n\t\t\n          <a href=\"https:\/\/staging.turkiskasvattajat.fi\/sv\/fotoarkivet\/\" class=\"ooc-pages-slider-item\" style=\"background-image: url(https:\/\/staging.turkiskasvattajat.fi\/wp-content\/uploads\/2019\/01\/header-videoarkiv-wpcf_400x225.jpg)\">\n            <img decoding=\"async\" src=\"https:\/\/staging.turkiskasvattajat.fi\/wp-content\/uploads\/2019\/01\/header-videoarkiv-wpcf_400x225.jpg\" alt=\"Fotoarkivet | P\u00e4lsn\u00e4ringen \u00e4r i goda h\u00e4nder \u00e4ven i framtiden\" class=\"ooc-hidden\" \/>\n            <div class=\"text\">\n              <h2><strong>P\u00e4lsn\u00e4ringen \u00e4r i goda h\u00e4nder<\/strong>\n                <br \/>\u00e4ven i framtiden<\/h2><\/div>\n          <\/a>\n\t\t\n          <a href=\"https:\/\/staging.turkiskasvattajat.fi\/sv\/foretagaren\/\" class=\"ooc-pages-slider-item\" style=\"background-image: url(https:\/\/staging.turkiskasvattajat.fi\/wp-content\/uploads\/2018\/12\/header-foretagaren-wpcf_400x225.jpg)\">\n            <img decoding=\"async\" src=\"https:\/\/staging.turkiskasvattajat.fi\/wp-content\/uploads\/2018\/12\/header-foretagaren-wpcf_400x225.jpg\" alt=\"F\u00f6retagaren | Del av en l\u00e5ng generationskedja \" class=\"ooc-hidden\" \/>\n            <div class=\"text\">\n              <h2><strong>Del av en l\u00e5ng generationskedja<\/strong>\n                <\/h2><\/div>\n          <\/a>\n\t\t\n          <a href=\"https:\/\/staging.turkiskasvattajat.fi\/sv\/farmen\/\" class=\"ooc-pages-slider-item\" style=\"background-image: url(https:\/\/staging.turkiskasvattajat.fi\/wp-content\/uploads\/2018\/12\/header-farmen-wpcf_400x225.jpg)\">\n            <img decoding=\"async\" src=\"https:\/\/staging.turkiskasvattajat.fi\/wp-content\/uploads\/2018\/12\/header-farmen-wpcf_400x225.jpg\" alt=\"Farmen | P\u00e4lsdjurens v\u00e4lm\u00e5ende \u00e4r en hj\u00e4rtesak f\u00f6r oss\" class=\"ooc-hidden\" \/>\n            <div class=\"text\">\n              <h2><strong>P\u00e4lsdjurens v\u00e4lm\u00e5ende<\/strong>\n                <br \/>\u00e4r en hj\u00e4rtesak f\u00f6r oss<\/h2><\/div>\n          <\/a>\n\t\t\n          <a href=\"https:\/\/staging.turkiskasvattajat.fi\/sv\/faq\/\" class=\"ooc-pages-slider-item\" style=\"background-image: url(https:\/\/staging.turkiskasvattajat.fi\/wp-content\/uploads\/2019\/01\/faq-header-wpcf_400x225.png)\">\n            <img decoding=\"async\" src=\"https:\/\/staging.turkiskasvattajat.fi\/wp-content\/uploads\/2019\/01\/faq-header-wpcf_400x225.png\" alt=\"FAQ | Fr\u00e5ga hellre - gissa inte. \" class=\"ooc-hidden\" \/>\n            <div class=\"text\">\n              <h2><strong>Fr\u00e5ga hellre - gissa inte.<\/strong>\n                <\/h2><\/div>\n          <\/a>\n\t\t\n          <a href=\"https:\/\/staging.turkiskasvattajat.fi\/sv\/aktuellt\/\" class=\"ooc-pages-slider-item\" style=\"background-image: url(https:\/\/staging.turkiskasvattajat.fi\/wp-content\/uploads\/2019\/01\/header-ajankohtaista-wpcf_400x213.png)\">\n            <img decoding=\"async\" src=\"https:\/\/staging.turkiskasvattajat.fi\/wp-content\/uploads\/2019\/01\/header-ajankohtaista-wpcf_400x213.png\" alt=\"Aktuellt | Senaste nytt inom p\u00e4lsbranschen \" class=\"ooc-hidden\" \/>\n            <div class=\"text\">\n              <h2><strong>Senaste nytt inom p\u00e4lsbranschen<\/strong>\n                <\/h2><\/div>\n          <\/a>\n\t\t\n\t\n  <\/div>\n\t\n                                              \n\t\n<\/div>\n\n[\/vc_column_text][\/vc_column][\/vc_row][\/vc_section]<\/p>\n<\/div>","protected":false},"excerpt":{"rendered":"<p>[vc_section full_width=&#8221;stretch_row_content&#8221; full_height=&#8221;yes&#8221; content_placement=&#8221;bottom&#8221; css=&#8221;.vc_custom_1545616150155{background-image: url(https:\/\/staging.turkiskasvattajat.fi\/wp-content\/uploads\/2018\/12\/palsen-header.jpg?id=362) !important;background-position: center !important;background-repeat: no-repeat !important;background-size: cover !important;}&#8221; el_class=&#8221;ooc-hero&#8221;][vc_row][vc_column][vc_column_text css_animation=&#8221;none&#8221; el_class=&#8221;ooc-header-textblock&#8221;] En inhemsk p\u00e4ls \u00e4r ett p\u00e5litligt plagg [\/vc_column_text][\/vc_column][\/vc_row][vc_row][vc_column][vc_raw_html]JTNDYSUyMGhyZWYlM0QlMjIlMjMlMjElMkZzY3JvbGwlMjIlMjBjbGFzcyUzRCUyMm9vYy1zY3JvbGwtaWNvbiUyMGFuY2hvci1saW5rJTIyJTNFJTNDJTJGYSUzRQ==[\/vc_raw_html][\/vc_column][\/vc_row][\/vc_section][vc_section css=&#8221;.vc_custom_1548253839011{padding-top: 120px !important;padding-bottom: 120px !important;}&#8221; el_id=&#8221;scroll&#8221;][vc_row el_class=&#8221;ooc-narrow-width&#8221;][vc_column][vc_column_text] P\u00e4lsen En naturprodukt av h\u00f6g kvalit\u00e9 [\/vc_column_text][vc_column_text el_class=&#8221;columnize&#8221;]\u00c4kta p\u00e4ls \u00e4r h\u00e5llbar, naturlig, ekologiskt producerad och \u00e5tervinningsbar. Det inhemska certifieringssystemet garanterar att man kan lita&hellip;<\/p>\n","protected":false},"author":2,"featured_media":0,"parent":0,"menu_order":0,"comment_status":"closed","ping_status":"closed","template":"","meta":{"footnotes":""},"_links":{"self":[{"href":"https:\/\/staging.turkiskasvattajat.fi\/sv\/wp-json\/wp\/v2\/pages\/651"}],"collection":[{"href":"https:\/\/staging.turkiskasvattajat.fi\/sv\/wp-json\/wp\/v2\/pages"}],"about":[{"href":"https:\/\/staging.turkiskasvattajat.fi\/sv\/wp-json\/wp\/v2\/types\/page"}],"author":[{"embeddable":true,"href":"https:\/\/staging.turkiskasvattajat.fi\/sv\/wp-json\/wp\/v2\/users\/2"}],"replies":[{"embeddable":true,"href":"https:\/\/staging.turkiskasvattajat.fi\/sv\/wp-json\/wp\/v2\/comments?post=651"}],"version-history":[{"count":3,"href":"https:\/\/staging.turkiskasvattajat.fi\/sv\/wp-json\/wp\/v2\/pages\/651\/revisions"}],"predecessor-version":[{"id":652,"href":"https:\/\/staging.turkiskasvattajat.fi\/sv\/wp-json\/wp\/v2\/pages\/651\/revisions\/652"}],"wp:attachment":[{"href":"https:\/\/staging.turkiskasvattajat.fi\/sv\/wp-json\/wp\/v2\/media?parent=651"}],"curies":[{"name":"wp","href":"https:\/\/api.w.org\/{rel}","templated":true}]}}