{"id":642,"date":"2018-12-24T03:09:13","date_gmt":"2018-12-24T01:09:13","guid":{"rendered":"https:\/\/turkis.dev.wikstrommedia.fi\/turkistila\/"},"modified":"2019-12-02T09:00:34","modified_gmt":"2019-12-02T07:00:34","slug":"farmen","status":"publish","type":"page","link":"https:\/\/staging.turkiskasvattajat.fi\/sv\/farmen\/","title":{"rendered":"Farmen"},"content":{"rendered":"<div class=\"wpb-content-wrapper\"><p>[vc_section full_width=&#8221;stretch_row_content&#8221; full_height=&#8221;yes&#8221; content_placement=&#8221;bottom&#8221; css=&#8221;.vc_custom_1545613694181{background-image: url(https:\/\/staging.turkiskasvattajat.fi\/wp-content\/uploads\/2018\/12\/header-farmen.jpg?id=351) !important;}&#8221; el_class=&#8221;ooc-hero&#8221;][vc_row][vc_column][vc_column_text css_animation=&#8221;none&#8221; el_class=&#8221;ooc-header-textblock&#8221;]<\/p>\n<h2 class=\"large\" style=\"text-align: center;\"><strong>P\u00e4lsdjurens v\u00e4lm\u00e5ende <\/strong><br \/>\n\u00e4r en hj\u00e4rtesak f\u00f6r oss<\/h2>\n<p>[\/vc_column_text][\/vc_column][\/vc_row][vc_row][vc_column][vc_raw_html]JTNDYSUyMGhyZWYlM0QlMjIlMjMlMjElMkZzY3JvbGwlMjIlMjBjbGFzcyUzRCUyMm9vYy1zY3JvbGwtaWNvbiUyMGFuY2hvci1saW5rJTIyJTNFJTNDJTJGYSUzRQ==[\/vc_raw_html][\/vc_column][\/vc_row][\/vc_section][vc_section css=&#8221;.vc_custom_1548237952916{padding-top: 120px !important;padding-bottom: 120px !important;}&#8221; el_id=&#8221;scroll&#8221;][vc_row][vc_column][vc_column_text el_class=&#8221;ooc-narrow-width&#8221;]<\/p>\n<h2 class=\"ooc-small-header\">Livet p\u00e5 farmen<\/h2>\n<h2 class=\"ooc-divider\">Det \u00e4r en lycka att vakna till en ny morgon och ett betydelsefullt arbete<\/h2>\n<p>[\/vc_column_text][vc_column_text el_class=&#8221;columnize ooc-narrow-width&#8221;]<strong>En ny arbetsdag p\u00e5 min egen p\u00e4lsdjursfarm b\u00f6rjar snart.<\/strong> Klockan \u00e4r inte mycket, men de f\u00f6rsta arbetena v\u00e4ntar redan. Arbetet framskrider i djurens takt och enligt \u00e5rstiderna. Under h\u00f6gs\u00e4song b\u00f6rjar vi i gryningen och forts\u00e4tter till l\u00e5ngt in p\u00e5 kv\u00e4llen.<\/p>\n<p>P\u00e4lsdjursuppf\u00f6dning \u00e4r f\u00f6r mig och min familj mycket mera \u00e4n bara ett arbete \u2013 det \u00e4r ett levnadss\u00e4tt. Vi trivs bra p\u00e5 landet, n\u00e4ra naturen och i arbetet med djuren. En sak \u00e4r \u00e4nd\u00e5 s\u00e4ker: oavsett om det \u00e4r vardag eller helg s\u00e5 har vi arbete. St\u00f6rsta delen av arbetsuppgifterna utf\u00f6rs utomhus och det passar f\u00f6rst\u00e5s en naturv\u00e4n mycket bra. Det \u00e4r fantastiskt att kunna f\u00f6lja \u00e5rstidernas v\u00e4xlingar p\u00e5 n\u00e4ra h\u00e5ll. Det att \u00e5rstiden skiftar till en annan betyder \u00e4ven delvis f\u00f6r\u00e4ndringar i arbetsuppgifterna. P\u00e5 v\u00e5ren f\u00f6ds valparna och fram till sensommaren har de vuxit s\u00e5 mycket att de f\u00f6rflyttas till egna bur d\u00e4r de har mera utrymme att r\u00f6ra p\u00e5 sig.<\/p>\n<p>Uppf\u00f6daren tar hand om utfodringen av djuren varje dag. Det betyder ocks\u00e5 att uppf\u00f6daren tr\u00e4ffar n\u00e4stan vartenda djur p\u00e5 farmen varje dag. Uppf\u00f6daren och djuren l\u00e4r k\u00e4nna varandra och varandras dagliga rutiner. Om ett djur har blivit sjuk eller skadat m\u00e4rker uppf\u00f6daren det snabbt.<\/p>\n<p>Djuren bor i skugghus. Alla p\u00e4lsdjur lever i en v\u00e4rld av lukter och ett \u00f6ppet skugghus ger dem m\u00f6jligheter att uppleva lukterna i omgivningen. Vilda p\u00e4lsdjur i naturen r\u00f6r sig mycket n\u00e4r de letar efter f\u00f6da eller en partner att para sig med. Dessa behov uppfylls i uppf\u00f6dningsburarna och d\u00e4rf\u00f6r har djuren p\u00e5 farmen inte behov av att r\u00f6ra p\u00e5 sig lika mycket. Minkarna har en lya och det har ocks\u00e5 r\u00e4ven den st\u00f6rsta delen av tiden. Djuren har s\u00e4llskap av varandra, de vistas antigen hos modern eller i syskonskaran.[\/vc_column_text][\/vc_column][\/vc_row][\/vc_section][vc_section css=&#8221;.vc_custom_1548237952916{padding-top: 120px !important;padding-bottom: 120px !important;}&#8221;][vc_row][vc_column][vc_column_text]<\/p>\n<h2 class=\"ooc-small-header\">Mink kamera<\/h2>\n<h2 class=\"ooc-divider\">Bekanta dig med minks vardag genom live video<\/h2>\n<p>Videon underh\u00e5llas.[\/vc_column_text][\/vc_column][\/vc_row][\/vc_section][vc_section full_width=&#8221;stretch_row&#8221; parallax=&#8221;content-moving&#8221; css=&#8221;.vc_custom_1548232908589{padding-top: 120px !important;padding-bottom: 120px !important;background-image: url(https:\/\/staging.turkiskasvattajat.fi\/wp-content\/uploads\/2019\/01\/faq-img.jpg?id=439) !important;background-position: center !important;background-repeat: no-repeat !important;background-size: cover !important;}&#8221;][vc_row el_class=&#8221;ooc-narrow-width&#8221;][vc_column width=&#8221;1\/2&#8243;][vc_column_text]<\/p>\n<h2 class=\"ooc-small-header white\">Fr\u00e5gor &amp; svar<\/h2>\n<h2 style=\"text-align: center; font-size: 2.9em; color: white; font-weight: 400; line-height: 70px;\">&gt;<strong>Ni fr\u00e5gar,<\/strong><br \/>\nvi svarar!<\/h2>\n<p>[\/vc_column_text][vc_column_text]<a class=\"ooc-button white\" href=\"\/sv\/faq\/\">L\u00e4s fler fr\u00e5gor<\/a>[\/vc_column_text][\/vc_column][vc_column width=&#8221;1\/2&#8243;][vc_column_text el_class=&#8221;white&#8221;]<\/p>\n<h3>Varf\u00f6r f\u00f6der man upp p\u00e4lsdjur i burar?<\/h3>\n<p>Uppf\u00f6dning i bur och burarnas nuvarande storlek grundar sig p\u00e5 forskningsr\u00f6n. \u00c4ven om p\u00e4lsdjur i naturen r\u00f6r sig mycket s\u00e5 finns det alltid en viss orsak till det, s\u00e5som att leta efter n\u00e4ring eller en l\u00e4mplig partner att para sig med. Dessa behov uppfylls p\u00e5 farmen i uppf\u00f6dningsburarna. Alla p\u00e4lsdjur lever i en v\u00e4rld av lukter och ett \u00f6ppet skugghus g\u00f6r det m\u00f6jligt f\u00f6r dem att unders\u00f6ka lukterna i omgivningen.[\/vc_column_text][\/vc_column][\/vc_row][\/vc_section][vc_section css=&#8221;.vc_custom_1548233426944{padding-top: 120px !important;padding-bottom: 120px !important;}&#8221;][vc_row full_width=&#8221;stretch_row_content_no_spaces&#8221; equal_height=&#8221;yes&#8221; content_placement=&#8221;middle&#8221;][vc_column width=&#8221;1\/2&#8243;][vc_column_text el_class=&#8221;ooc-narrow-width w650 padding&#8221;]<\/p>\n<h2 class=\"ooc-small-header\">V\u00e4lsk\u00f6tta djur \u00e4r en hederssak<\/h2>\n<h2 class=\"ooc-divider\">\u201dIngen vill riskera sitt eget levebr\u00f6d.\u201d<\/h2>\n<p><strong>Har du h\u00f6rt n\u00e5n g\u00e5ng att uppf\u00f6dare inte skulle ta v\u00e4l hand om sina djur?<\/strong> Det \u00e4r inte sant. Med de h\u00e4r nyheterna n\u00e5r man l\u00f6psedlarna \u2013 inget mer.<\/p>\n<p>P\u00e5 certifierade \u2013 med andra ord \u00f6vervakade, reglerade och godk\u00e4nda \u2013 farmer \u00e4r djurens h\u00e4lsa, v\u00e4lm\u00e5ende och uppf\u00f6dningsf\u00f6rh\u00e5llanden i skick. Kunnandet \u00f6verf\u00f6rs fr\u00e5n generation till generation p\u00e5 p\u00e4lsfarmerna. Branschens interna kontroll samt myndighets\u00f6vervakning s\u00e4kerst\u00e4ller att det inte sker f\u00f6rsummelser. F\u00f6rlorar man sin certifiering blir det sv\u00e5rt att s\u00e4lja sina skinn. Ingen vill riskera sitt eget levebr\u00f6d eller ta risken att f\u00f6rlora sitt arbete.<\/p>\n<p>Den nyaste tekniken syns p\u00e5 p\u00e4lsfarmer exempelvis genom att djuren f\u00e5r f\u00e4rskt vatten fr\u00e5n dryckesautomater. De blir regelbundet bjudna p\u00e5 mycket noggrant unders\u00f6kt kvalitetsfoder. Man str\u00e4var efter att garantera djuren stressfria f\u00f6rh\u00e5llanden och mycket stimulans, och uppf\u00f6darna ser till att de m\u00e5r bra. Om de blir sjuka f\u00e5r de v\u00e5rd. Verksamheten p\u00e5 certifierade p\u00e4lsfarmer \u00e4r transparent och skinnen sp\u00e5rbara.[\/vc_column_text][\/vc_column][vc_column width=&#8221;1\/2&#8243; css=&#8221;.vc_custom_1548234140133{background-position: center !important;background-repeat: no-repeat !important;background-size: cover !important;}&#8221;][vc_single_image image=&#8221;449&#8243; img_size=&#8221;full&#8221; alignment=&#8221;right&#8221; image_hovers=&#8221;false&#8221;][\/vc_column][\/vc_row][\/vc_section][vc_section full_width=&#8221;stretch_row&#8221; css=&#8221;.vc_custom_1548234961184{padding-top: 120px !important;padding-bottom: 120px !important;background-color: #f4f4f4 !important;}&#8221;][vc_row el_class=&#8221;ooc-narrow-width&#8221;][vc_column][vc_column_text]<\/p>\n<h1 class=\"ooc-small-header black\" style=\"text-align: center;\">P\u00e4lsdjursuppf\u00f6dning<\/h1>\n<h2 class=\"ooc-small-header\" style=\"text-align: center;\">Allt kommer till anv\u00e4ndning<\/h2>\n<h2 style=\"text-align: center;\">Finlands gr\u00f6naste bransch?<\/h2>\n<p>[\/vc_column_text][vc_column_text el_class=&#8221;columnize&#8221; css=&#8221;.vc_custom_1548794604633{margin-top: 60px !important;}&#8221;]<strong>Det f\u00f6rblir ofta oklart hur mycket p\u00e4lsn\u00e4ringen utnyttjar som annars skulle belasta naturen.<\/strong> Det som \u00e4r avfall f\u00f6r andra, blir till en resurs inom p\u00e4lsn\u00e4ringen. Verksamheten omfattar m\u00e5nga moment som sparar p\u00e5 naturen. Som r\u00e5material f\u00f6r p\u00e4lsfoder utnyttjas rensningsavfall av str\u00f6mming, som annars skulle g\u00e5 till spillo. Foderfiske (str\u00f6mming) avl\u00e4gsnar fosfor, som f\u00f6rorsakar \u00f6verg\u00f6dning, ur haven. Slaktbiprodukterna \u2013 allt det som inte duger som m\u00e4nniskof\u00f6da \u2013 \u00e4r p\u00e5 motsvarande s\u00e4tt r\u00e5material f\u00f6r p\u00e4lsdjursfoder. Livsmedelsproduktionens biprodukter anv\u00e4nds som n\u00e4ring f\u00f6r p\u00e4lsdjuren. Ingenting g\u00e5r till spillo. Till och med p\u00e4lsdjursspillning utnyttjas f\u00f6r g\u00f6dsel p\u00e5 \u00e5krar och som v\u00e4xtunderlag i v\u00e4xthusen.<\/p>\n<p>P\u00e4lsdjursfett anv\u00e4nds i tillverkning av biobr\u00e4nsle. Man f\u00e5r ren, svavelfri biodiesel av djurfett f\u00f6r br\u00e4nsle som t.ex. fodertruckarna p\u00e5 p\u00e4lsfarmen kan tankas med. I framtiden kommer det finnas allt flera solpaneler p\u00e5 taken av skugghusen, det omvandlas till energi som kan anv\u00e4ndas p\u00e5 den egna farmen.<\/p>\n<p>Av de h\u00e4r sk\u00e4len kallas p\u00e4lsbranschen ofta f\u00f6r Finlands gr\u00f6naste bransch.[\/vc_column_text][vc_video link=&#8221;https:\/\/www.youtube.com\/watch?v=7SDIJnIpMVI&amp;t=6s&#8221; align=&#8221;center&#8221; css=&#8221;.vc_custom_1548934234882{margin-top: 80px !important;}&#8221;][\/vc_column][\/vc_row][\/vc_section][vc_section css=&#8221;.vc_custom_1548235508157{padding-top: 120px !important;padding-bottom: 120px !important;}&#8221;][vc_row][vc_column][vc_column_text]<\/p>\n<h2 class=\"ooc-kahvi\" style=\"text-align: center;\">Kaffepannan \u00e4r alltid varm f\u00f6r g\u00e4ster.<br \/>\nV\u00e4lkommen!<\/h2>\n<p style=\"text-align: center;\">Ta kontakt s\u00e5 bokar vi en tid.<\/p>\n<p style=\"text-align: center;\"><a class=\"ooc-button\" href=\"\/sv\/kontakt\/\">Kontaktuppgifter<\/a><\/p>\n<p>[\/vc_column_text][\/vc_column][\/vc_row][\/vc_section][vc_section full_width=&#8221;stretch_row&#8221; css=&#8221;.vc_custom_1548236309620{padding-top: 120px !important;padding-bottom: 120px !important;background-color: #f4f4f4 !important;}&#8221;][vc_row el_class=&#8221;ooc-narrow-width&#8221;][vc_column][vc_single_image image=&#8221;466&#8243; img_size=&#8221;medium&#8221; image_hovers=&#8221;false&#8221;][vc_column_text]<\/p>\n<h2 class=\"ooc-divider\">Lyxigt garn av r\u00e4vens vinterh\u00e5r (Rufh-projektet)<\/h2>\n<p>[\/vc_column_text][vc_column_text el_class=&#8221;columnize&#8221;]R\u00e4ven byter p\u00e4ls p\u00e5 v\u00e5ren och p\u00e5 p\u00e4lsfarmerna samlas d\u00e5 stora m\u00e4ngder h\u00e5r som sl\u00e4ngs bort som on\u00f6digt. Pia Blomstr\u00f6m, lektorn p\u00e5 Centrias p\u00e4lsutbildning i Jakobstad, funderade om det skulle kunna komma till anv\u00e4ndning. Hennes id\u00e9 var starten p\u00e5 Rufh-projektet (reuse foxhair).<\/p>\n<p>Skulle detta kunna vara ett alternativ till importerad f\u00e5rull som anv\u00e4nds i tillverkningen av polertrissor f\u00f6r bilar?<\/p>\n<p>Man har \u00e4ven testat hur p\u00e4lsh\u00e5r skulle fungera i tillverkningen av garn. Ruukin Kehr\u00e4\u00e4m\u00f6 i Mathildedal blandade r\u00e4vh\u00e5r med alpacka och natursilke och slutresultatet blev v\u00e4ldigt underbara garn.<\/p>\n<p>R\u00e4vh\u00e5ren har ocks\u00e5 testats i filtning. Med enbart r\u00e4vh\u00e5r blir slutresultatet otroligt mjukt och genom att ta med andra naturfibrer fick man en j\u00e4mn struktur i filten. \u00c4ven olika v\u00e4vtekniker har testats.<\/p>\n<p>Pia Blomstr\u00f6m \u00e4r \u00f6vertygad om att det finns intresse f\u00f6r garn och produkter av det h\u00e4r slaget inom modeindustrin d\u00e4r man hela tiden letar efter h\u00e5llbara alternativ. Projektet har f\u00e5tt synlighet ocks\u00e5 bland mode- och p\u00e4lsfolk i Europa tack vare en artikel i branschtidningen Pellice Moda. \u00d6sterbottens Tidning publicerade ocks\u00e5 nyligen en artikel om projektet.<\/p>\n<p><a href=\"https:\/\/www.osterbottenstidning.fi\/Artikel\/Visa\/250516\" target=\"_blank\" rel=\"noopener noreferrer\"><strong>Till artikeln &gt;<\/strong><\/a>[\/vc_column_text][\/vc_column][\/vc_row][\/vc_section][vc_section][vc_row][vc_column][vc_column_text]\n\n\n\n<div class=\"ooc-pages-slider-wrapper\">\n<div class=\"ooc-title-and-controls\">\n  <h2 class=\"title\">Bekanta dig med v\u00e5ra aktuella \u00e4mnen<\/h2>\n  <div class=\"ooc-pages-slider-controls\">\n    <button type=\"button\" class=\"slider-prev\"><\/button><button type=\"button\" class=\"slider-next\"><\/button>\n  <\/div>\n  <\/div>\n\t\n   <div class=\"ooc-pages-slider-slides\">\n\t\n\t\t\n          <a href=\"https:\/\/staging.turkiskasvattajat.fi\/sv\/visste-du\/\" class=\"ooc-pages-slider-item\" style=\"background-image: url(https:\/\/staging.turkiskasvattajat.fi\/wp-content\/uploads\/2019\/01\/180210_esk_0333-wpcf_400x267.jpg)\">\n            <img decoding=\"async\" src=\"https:\/\/staging.turkiskasvattajat.fi\/wp-content\/uploads\/2019\/01\/180210_esk_0333-wpcf_400x267.jpg\" alt=\"Visste du? | Fakta talar f\u00f6r sig sj\u00e4lvt \" class=\"ooc-hidden\" \/>\n            <div class=\"text\">\n              <h2><strong>Fakta talar f\u00f6r sig sj\u00e4lvt<\/strong>\n                <\/h2><\/div>\n          <\/a>\n\t\t\n          <a href=\"https:\/\/staging.turkiskasvattajat.fi\/sv\/videoarkivet\/\" class=\"ooc-pages-slider-item\" style=\"background-image: url(https:\/\/staging.turkiskasvattajat.fi\/wp-content\/uploads\/2019\/01\/header-videoarkiv-wpcf_400x225.jpg)\">\n            <img decoding=\"async\" src=\"https:\/\/staging.turkiskasvattajat.fi\/wp-content\/uploads\/2019\/01\/header-videoarkiv-wpcf_400x225.jpg\" alt=\"Videoarkivet | P\u00e4lsn\u00e4ringen \u00e4r i goda h\u00e4nder \u00e4ven i framtiden\" class=\"ooc-hidden\" \/>\n            <div class=\"text\">\n              <h2><strong>P\u00e4lsn\u00e4ringen \u00e4r i goda h\u00e4nder<\/strong>\n                <br \/>\u00e4ven i framtiden<\/h2><\/div>\n          <\/a>\n\t\t\n          <a href=\"https:\/\/staging.turkiskasvattajat.fi\/sv\/till-media\/\" class=\"ooc-pages-slider-item\" style=\"background-image: url(https:\/\/staging.turkiskasvattajat.fi\/wp-content\/uploads\/2019\/01\/header-medialle-wpcf_400x225.jpg)\">\n            <img decoding=\"async\" src=\"https:\/\/staging.turkiskasvattajat.fi\/wp-content\/uploads\/2019\/01\/header-medialle-wpcf_400x225.jpg\" alt=\"Till media | Mer \u00e4n tusen ord \" class=\"ooc-hidden\" \/>\n            <div class=\"text\">\n              <h2><strong>Mer \u00e4n tusen ord<\/strong>\n                <\/h2><\/div>\n          <\/a>\n\t\t\n          <a href=\"https:\/\/staging.turkiskasvattajat.fi\/sv\/\" class=\"ooc-pages-slider-item\" style=\"background-image: url(https:\/\/staging.turkiskasvattajat.fi\/wp-content\/uploads\/2018\/11\/headerbild-wpcf_400x225.jpg)\">\n            <img decoding=\"async\" src=\"https:\/\/staging.turkiskasvattajat.fi\/wp-content\/uploads\/2018\/11\/headerbild-wpcf_400x225.jpg\" alt=\"Start | Fr\u00e5n generation till generation \u2013 s\u00e5som det alltid varit\" class=\"ooc-hidden\" \/>\n            <div class=\"text\">\n              <h2><strong>Fr\u00e5n generation till generation<\/strong>\n                <br \/>\u2013 s\u00e5som det alltid varit<\/h2><\/div>\n          <\/a>\n\t\t\n          <a href=\"https:\/\/staging.turkiskasvattajat.fi\/sv\/palsen\/\" class=\"ooc-pages-slider-item\" style=\"background-image: url(https:\/\/staging.turkiskasvattajat.fi\/wp-content\/uploads\/2018\/12\/palsen-header-wpcf_400x225.jpg)\">\n            <img decoding=\"async\" src=\"https:\/\/staging.turkiskasvattajat.fi\/wp-content\/uploads\/2018\/12\/palsen-header-wpcf_400x225.jpg\" alt=\"P\u00e4lsen | En inhemsk p\u00e4ls \u00e4r ett p\u00e5litligt plagg \" class=\"ooc-hidden\" \/>\n            <div class=\"text\">\n              <h2><strong>En inhemsk p\u00e4ls \u00e4r ett p\u00e5litligt plagg<\/strong>\n                <\/h2><\/div>\n          <\/a>\n\t\t\n          <a href=\"https:\/\/staging.turkiskasvattajat.fi\/sv\/naringen\/\" class=\"ooc-pages-slider-item\" style=\"background-image: url(https:\/\/staging.turkiskasvattajat.fi\/wp-content\/uploads\/2019\/01\/181809_esk_0599-wpcf_400x267.jpg)\">\n            <img decoding=\"async\" src=\"https:\/\/staging.turkiskasvattajat.fi\/wp-content\/uploads\/2019\/01\/181809_esk_0599-wpcf_400x267.jpg\" alt=\"N\u00e4ringen | Livskraft, livskvalitet och en bra vardag\" class=\"ooc-hidden\" \/>\n            <div class=\"text\">\n              <h2><strong>Livskraft, livskvalitet<\/strong>\n                <br \/>och en bra vardag<\/h2><\/div>\n          <\/a>\n\t\t\n          <a href=\"https:\/\/staging.turkiskasvattajat.fi\/sv\/kontakt\/\" class=\"ooc-pages-slider-item\" style=\"background-image: url(https:\/\/staging.turkiskasvattajat.fi\/wp-content\/uploads\/2019\/01\/header-kontakt-wpcf_400x225.png)\">\n            <img decoding=\"async\" src=\"https:\/\/staging.turkiskasvattajat.fi\/wp-content\/uploads\/2019\/01\/header-kontakt-wpcf_400x225.png\" alt=\"Kontakt | Vi uppskattar att du h\u00f6r av dig \" class=\"ooc-hidden\" \/>\n            <div class=\"text\">\n              <h2><strong>Vi uppskattar att du h\u00f6r av dig<\/strong>\n                <\/h2><\/div>\n          <\/a>\n\t\t\n          <a href=\"https:\/\/staging.turkiskasvattajat.fi\/sv\/fotoarkivet\/\" class=\"ooc-pages-slider-item\" style=\"background-image: url(https:\/\/staging.turkiskasvattajat.fi\/wp-content\/uploads\/2019\/01\/header-videoarkiv-wpcf_400x225.jpg)\">\n            <img decoding=\"async\" src=\"https:\/\/staging.turkiskasvattajat.fi\/wp-content\/uploads\/2019\/01\/header-videoarkiv-wpcf_400x225.jpg\" alt=\"Fotoarkivet | P\u00e4lsn\u00e4ringen \u00e4r i goda h\u00e4nder \u00e4ven i framtiden\" class=\"ooc-hidden\" \/>\n            <div class=\"text\">\n              <h2><strong>P\u00e4lsn\u00e4ringen \u00e4r i goda h\u00e4nder<\/strong>\n                <br \/>\u00e4ven i framtiden<\/h2><\/div>\n          <\/a>\n\t\t\n          <a href=\"https:\/\/staging.turkiskasvattajat.fi\/sv\/foretagaren\/\" class=\"ooc-pages-slider-item\" style=\"background-image: url(https:\/\/staging.turkiskasvattajat.fi\/wp-content\/uploads\/2018\/12\/header-foretagaren-wpcf_400x225.jpg)\">\n            <img decoding=\"async\" src=\"https:\/\/staging.turkiskasvattajat.fi\/wp-content\/uploads\/2018\/12\/header-foretagaren-wpcf_400x225.jpg\" alt=\"F\u00f6retagaren | Del av en l\u00e5ng generationskedja \" class=\"ooc-hidden\" \/>\n            <div class=\"text\">\n              <h2><strong>Del av en l\u00e5ng generationskedja<\/strong>\n                <\/h2><\/div>\n          <\/a>\n\t\t\n          <a href=\"https:\/\/staging.turkiskasvattajat.fi\/sv\/faq\/\" class=\"ooc-pages-slider-item\" style=\"background-image: url(https:\/\/staging.turkiskasvattajat.fi\/wp-content\/uploads\/2019\/01\/faq-header-wpcf_400x225.png)\">\n            <img decoding=\"async\" src=\"https:\/\/staging.turkiskasvattajat.fi\/wp-content\/uploads\/2019\/01\/faq-header-wpcf_400x225.png\" alt=\"FAQ | Fr\u00e5ga hellre - gissa inte. \" class=\"ooc-hidden\" \/>\n            <div class=\"text\">\n              <h2><strong>Fr\u00e5ga hellre - gissa inte.<\/strong>\n                <\/h2><\/div>\n          <\/a>\n\t\t\n          <a href=\"https:\/\/staging.turkiskasvattajat.fi\/sv\/aktuellt\/\" class=\"ooc-pages-slider-item\" style=\"background-image: url(https:\/\/staging.turkiskasvattajat.fi\/wp-content\/uploads\/2019\/01\/header-ajankohtaista-wpcf_400x213.png)\">\n            <img decoding=\"async\" src=\"https:\/\/staging.turkiskasvattajat.fi\/wp-content\/uploads\/2019\/01\/header-ajankohtaista-wpcf_400x213.png\" alt=\"Aktuellt | Senaste nytt inom p\u00e4lsbranschen \" class=\"ooc-hidden\" \/>\n            <div class=\"text\">\n              <h2><strong>Senaste nytt inom p\u00e4lsbranschen<\/strong>\n                <\/h2><\/div>\n          <\/a>\n\t\t\n\t\n  <\/div>\n\t\n                                              \n\t\n<\/div>\n\n[\/vc_column_text][\/vc_column][\/vc_row][\/vc_section]<\/p>\n<\/div>","protected":false},"excerpt":{"rendered":"<p>[vc_section full_width=&#8221;stretch_row_content&#8221; full_height=&#8221;yes&#8221; content_placement=&#8221;bottom&#8221; css=&#8221;.vc_custom_1545613694181{background-image: url(https:\/\/staging.turkiskasvattajat.fi\/wp-content\/uploads\/2018\/12\/header-farmen.jpg?id=351) !important;}&#8221; el_class=&#8221;ooc-hero&#8221;][vc_row][vc_column][vc_column_text css_animation=&#8221;none&#8221; el_class=&#8221;ooc-header-textblock&#8221;] P\u00e4lsdjurens v\u00e4lm\u00e5ende \u00e4r en hj\u00e4rtesak f\u00f6r oss [\/vc_column_text][\/vc_column][\/vc_row][vc_row][vc_column][vc_raw_html]JTNDYSUyMGhyZWYlM0QlMjIlMjMlMjElMkZzY3JvbGwlMjIlMjBjbGFzcyUzRCUyMm9vYy1zY3JvbGwtaWNvbiUyMGFuY2hvci1saW5rJTIyJTNFJTNDJTJGYSUzRQ==[\/vc_raw_html][\/vc_column][\/vc_row][\/vc_section][vc_section css=&#8221;.vc_custom_1548237952916{padding-top: 120px !important;padding-bottom: 120px !important;}&#8221; el_id=&#8221;scroll&#8221;][vc_row][vc_column][vc_column_text el_class=&#8221;ooc-narrow-width&#8221;] Livet p\u00e5 farmen Det \u00e4r en lycka att vakna till en ny morgon och ett betydelsefullt arbete [\/vc_column_text][vc_column_text el_class=&#8221;columnize ooc-narrow-width&#8221;]En ny arbetsdag p\u00e5 min egen p\u00e4lsdjursfarm b\u00f6rjar snart. Klockan \u00e4r&hellip;<\/p>\n","protected":false},"author":2,"featured_media":0,"parent":0,"menu_order":0,"comment_status":"closed","ping_status":"closed","template":"","meta":{"footnotes":""},"_links":{"self":[{"href":"https:\/\/staging.turkiskasvattajat.fi\/sv\/wp-json\/wp\/v2\/pages\/642"}],"collection":[{"href":"https:\/\/staging.turkiskasvattajat.fi\/sv\/wp-json\/wp\/v2\/pages"}],"about":[{"href":"https:\/\/staging.turkiskasvattajat.fi\/sv\/wp-json\/wp\/v2\/types\/page"}],"author":[{"embeddable":true,"href":"https:\/\/staging.turkiskasvattajat.fi\/sv\/wp-json\/wp\/v2\/users\/2"}],"replies":[{"embeddable":true,"href":"https:\/\/staging.turkiskasvattajat.fi\/sv\/wp-json\/wp\/v2\/comments?post=642"}],"version-history":[{"count":19,"href":"https:\/\/staging.turkiskasvattajat.fi\/sv\/wp-json\/wp\/v2\/pages\/642\/revisions"}],"predecessor-version":[{"id":1494,"href":"https:\/\/staging.turkiskasvattajat.fi\/sv\/wp-json\/wp\/v2\/pages\/642\/revisions\/1494"}],"wp:attachment":[{"href":"https:\/\/staging.turkiskasvattajat.fi\/sv\/wp-json\/wp\/v2\/media?parent=642"}],"curies":[{"name":"wp","href":"https:\/\/api.w.org\/{rel}","templated":true}]}}