{"id":317,"date":"2019-01-29T22:16:26","date_gmt":"2019-01-29T20:16:26","guid":{"rendered":"https:\/\/turkis.dev.wikstrommedia.fi\/?page_id=317"},"modified":"2019-11-07T12:38:13","modified_gmt":"2019-11-07T10:38:13","slug":"ny-startsida-sv-2","status":"publish","type":"page","link":"https:\/\/staging.turkiskasvattajat.fi\/sv\/","title":{"rendered":"Start"},"content":{"rendered":"<div class=\"wpb-content-wrapper\"><p>[vc_section full_width=&#8221;stretch_row_content&#8221; full_height=&#8221;yes&#8221; content_placement=&#8221;bottom&#8221; css=&#8221;.vc_custom_1543028048505{background-image: url(https:\/\/staging.turkiskasvattajat.fi\/wp-content\/uploads\/2018\/11\/headerbild.jpg?id=132) !important;}&#8221; el_class=&#8221;ooc-hero&#8221;][vc_row][vc_column][vc_column_text css_animation=&#8221;none&#8221; el_class=&#8221;ooc-header-textblock&#8221;]<\/p>\n<h2 class=\"large\" style=\"text-align: center;\"><strong>Fr\u00e5n generation till generation<\/strong><br \/>\n\u2013 s\u00e5som det alltid varit<\/h2>\n<p>[\/vc_column_text][\/vc_column][\/vc_row][vc_row][vc_column][vc_raw_html]JTNDYSUyMGhyZWYlM0QlMjIlMjMlMjElMkZzY3JvbGwlMjIlMjBjbGFzcyUzRCUyMm9vYy1zY3JvbGwtaWNvbiUyMGFuY2hvci1saW5rJTIyJTNFJTNDJTJGYSUzRQ==[\/vc_raw_html][\/vc_column][\/vc_row][\/vc_section][vc_section css=&#8221;.vc_custom_1548238044546{margin-top: 60px !important;margin-bottom: 60px !important;}&#8221; el_id=&#8221;scroll&#8221;][vc_row][vc_column][vc_column_text el_class=&#8221;ooc-titles-with-icons&#8221;]<\/p>\n<h4 class=\"ooc-icon ooc-icon-1\">Med varje djurs v\u00e4lm\u00e5ende i fokus \u2013 alltid<\/h4>\n<h4 class=\"ooc-icon ooc-icon-2\">Naturligt varm<\/h4>\n<h4 class=\"ooc-icon ooc-icon-3\">Del av den finl\u00e4ndska bioekonomin<\/h4>\n<h4 class=\"ooc-icon ooc-icon-4\">Fram\u00e5tstr\u00e4vande uppf\u00f6dare \u2013 stolt f\u00f6retagande<\/h4>\n<p>[\/vc_column_text][\/vc_column][\/vc_row][\/vc_section][vc_section full_width=&#8221;stretch_row&#8221;][vc_row full_width=&#8221;stretch_row_content_no_spaces&#8221; content_placement=&#8221;middle&#8221; css=&#8221;.vc_custom_1548238105808{margin-top: 60px !important;margin-bottom: 80px !important;}&#8221;][vc_column width=&#8221;1\/2&#8243;][vc_column_text el_class=&#8221;ooc-narrow-width w650 padding&#8221;]<\/p>\n<h1 class=\"ooc-small-header black\">Finlands P\u00e4lsdjursuppf\u00f6dare<\/h1>\n<h2 class=\"ooc-divider\">\u201dEtt intressant, rikt liv i en lite annorlunda milj\u00f6\u201d<\/h2>\n<p>Hur \u00e5sikter formas \u00e4r en intressant sak. Ibland r\u00e4cker det att man plockar n\u00e5gra fakta lite h\u00e4rifr\u00e5n och d\u00e4rifr\u00e5n. Men ibland kan man ocks\u00e5 beh\u00f6va l\u00e4ra k\u00e4nna ett omr\u00e5de genom branschens experter \u2013 de som lever och andas yrket fr\u00e5n varje tidig morgon till sen kv\u00e4ll. De syns inte p\u00e5 l\u00f6psedlarna eller i sociala medier, \u00e4nd\u00e5 lever de ett mycket intressant och rikt liv i en aningen annorlunda milj\u00f6. V\u00e4lkommen med p\u00e5 en fascinerande resa. Vi garanterar att du inte kommer att bli besviken!<\/p>\n<p>P\u00e5 den h\u00e4r sidan vill vi f\u00f6ra dialog om \u00e4mnen med anknytning till branschen. Vi vill reda ut missuppfattningar, diskutera rakt och \u00e4rligt men fortfarande sakligt. Vi vill ge p\u00e4lsdjursuppf\u00f6darna, de som s\u00e4llan h\u00f6rs, m\u00f6jlighet att komma till tals. F\u00f6r i \u00e4rlighetens namn, vem k\u00e4nner branschen b\u00e4ttre \u00e4n dem?<\/p>\n<p><a class=\"ooc-button anchor-link\" href=\"\/sv\/kontakt\/\">Kontaktuppgifter<\/a>[\/vc_column_text][\/vc_column][vc_column width=&#8221;1\/2&#8243;][vc_single_image image=&#8221;323&#8243; img_size=&#8221;full&#8221; alignment=&#8221;right&#8221; image_hovers=&#8221;false&#8221;][\/vc_column][\/vc_row][\/vc_section][vc_section full_width=&#8221;stretch_row&#8221; disable_element=&#8221;yes&#8221; css=&#8221;.vc_custom_1548238291905{padding-top: 60px !important;padding-bottom: 80px !important;background-color: #f4f4f4 !important;}&#8221;][vc_row][vc_column][vc_column_text el_class=&#8221;ooc-narrow-width&#8221;]<\/p>\n<h1 class=\"ooc-small-header black\" style=\"text-align: center;\">Ajankohtaista<\/h1>\n<h2 class=\"ooc-divider center\" style=\"text-align: center;\">T\u00e4st\u00e4 p\u00e4\u00e4set seuraamaan alan tuoreimpia uutisia.<\/h2>\n<p>Niiden kautta n\u00e4et, miten monipuolinen ala on ja mitk\u00e4 kaikki asiat voivat vaikuttaa turkistilallisten toimintaan. Tutustu, perehdy, opi uutta! Jos sinulle her\u00e4\u00e4 kysymyksi\u00e4 tai joku asia mietitytt\u00e4\u00e4, sivustomme kautta on mahdollisuus l\u00e4hett\u00e4\u00e4 omia kysymyksi\u00e4. Saat vastauksen suoraan alan asiantuntijoilta. (Linkki FAQ)[\/vc_column_text][\/vc_column][\/vc_row][\/vc_section][vc_section full_width=&#8221;stretch_row&#8221; css=&#8221;.vc_custom_1545605957121{padding-top: 60px !important;padding-bottom: 80px !important;}&#8221;][vc_row][vc_column][vc_column_text]<\/p>\n<h3 class=\"ooc-leafs\" style=\"text-align: center;\"><strong>Inom p\u00e4lsn\u00e4ringen arbetar man engagerat och kvalitetsmedvetet<\/strong><br \/>\nf\u00f6r djurens v\u00e4lm\u00e5ende \u2013 varje dag<\/h3>\n<p>[\/vc_column_text][\/vc_column][\/vc_row][\/vc_section][vc_section][vc_row full_width=&#8221;stretch_row_content_no_spaces&#8221; equal_height=&#8221;yes&#8221; css=&#8221;.vc_custom_1545608271468{background-color: #f4f4f4 !important;}&#8221; el_class=&#8221;ooc-fakta-video&#8221;][vc_column width=&#8221;1\/2&#8243; el_class=&#8221;left-column&#8221;][vc_column_text]<\/p>\n<h2 class=\"ooc-small-header black\">100 Fakta<\/h2>\n<h2>Branschens livskraftighet vilar p\u00e5<br \/>\n<span class=\"thin\">att korrekta fakta om uppf\u00f6dningen sprids<\/span><\/h2>\n<p><a class=\"ooc-button\" href=\"\/sv\/visste-du\/\">Fakta om p\u00e4lsbranschen<\/a>[\/vc_column_text][\/vc_column][vc_column width=&#8221;1\/2&#8243; el_class=&#8221;right-column&#8221; css=&#8221;.vc_custom_1548923183220{background-image: url(https:\/\/staging.turkiskasvattajat.fi\/wp-content\/uploads\/2019\/01\/palsnaringen-yt-splash-fi.jpg?id=893) !important;background-position: center !important;background-repeat: no-repeat !important;background-size: cover !important;}&#8221;][vc_raw_html]JTNDZGl2JTIwY2xhc3MlM0QlMjJvb2MtdmlkZW8tdHJpZ2dlciUyMiUzRSUwQSUzQ2RpdiUyMGNsYXNzJTNEJTIydHJpZ2dlciUyMiUzRSUwQSUzQ2gzJTNFVGl0dGElMjBwJUMzJUE1JTIwdmlkZW9uJTNDJTJGaDMlM0UlMEElM0NoMiUyMGNsYXNzJTNEJTIyb29jLWNhcHMlMjB0aXRsZS1wbGF5JTIyJTNFJTNDc3Ryb25nJTNFUCVDMyVBNGxzbiVDMyVBNHJpbmdlbiUzQyUyRnN0cm9uZyUzRSUyMCUzQ2JyJTIwJTJGJTNFcCVDMyVBNSUyMHR2JUMzJUE1JTIwbWludXRlciUzQyUyRmgyJTNFJTBBJTNDJTJGZGl2JTNFJTBBJTNDZGl2JTIwY2xhc3MlM0QlMjJ2aWRlbyUyMiUzRSUwQSUzQ2lmcmFtZSUyMHdpZHRoJTNEJTIyNTYwJTIyJTIwaGVpZ2h0JTNEJTIyMzE1JTIyJTIwc3JjJTNEJTIyaHR0cHMlM0ElMkYlMkZ3d3cueW91dHViZS5jb20lMkZlbWJlZCUyRjdTRElKbklwTVZJJTNGcGxheXNpbmxpbmUlM0QxJTI2bW9kZXN0YnJhbmRpbmclM0QxJTIyJTIwZnJhbWVib3JkZXIlM0QlMjIwJTIyJTIwYWxsb3clM0QlMjJhY2NlbGVyb21ldGVyJTNCJTIwYXV0b3BsYXklM0IlMjBlbmNyeXB0ZWQtbWVkaWElM0IlMjBneXJvc2NvcGUlM0IlMjBwaWN0dXJlLWluLXBpY3R1cmUlMjIlMjBhbGxvd2Z1bGxzY3JlZW4lM0UlM0MlMkZpZnJhbWUlM0UlMEElM0MlMkZkaXYlM0UlMEElM0MlMkZkaXYlM0U=[\/vc_raw_html][\/vc_column][\/vc_row][\/vc_section][vc_section][vc_row][vc_column][vc_column_text]\n\n\n\n<div class=\"ooc-pages-slider-wrapper\">\n<div class=\"ooc-title-and-controls\">\n  <h2 class=\"title\">Bekanta dig med v\u00e5ra aktuella \u00e4mnen<\/h2>\n  <div class=\"ooc-pages-slider-controls\">\n    <button type=\"button\" class=\"slider-prev\"><\/button><button type=\"button\" class=\"slider-next\"><\/button>\n  <\/div>\n  <\/div>\n\t\n   <div class=\"ooc-pages-slider-slides\">\n\t\n\t\t\n          <a href=\"https:\/\/staging.turkiskasvattajat.fi\/sv\/visste-du\/\" class=\"ooc-pages-slider-item\" style=\"background-image: url(https:\/\/staging.turkiskasvattajat.fi\/wp-content\/uploads\/2019\/01\/180210_esk_0333-wpcf_400x267.jpg)\">\n            <img decoding=\"async\" src=\"https:\/\/staging.turkiskasvattajat.fi\/wp-content\/uploads\/2019\/01\/180210_esk_0333-wpcf_400x267.jpg\" alt=\"Visste du? | Fakta talar f\u00f6r sig sj\u00e4lvt \" class=\"ooc-hidden\" \/>\n            <div class=\"text\">\n              <h2><strong>Fakta talar f\u00f6r sig sj\u00e4lvt<\/strong>\n                <\/h2><\/div>\n          <\/a>\n\t\t\n          <a href=\"https:\/\/staging.turkiskasvattajat.fi\/sv\/videoarkivet\/\" class=\"ooc-pages-slider-item\" style=\"background-image: url(https:\/\/staging.turkiskasvattajat.fi\/wp-content\/uploads\/2019\/01\/header-videoarkiv-wpcf_400x225.jpg)\">\n            <img decoding=\"async\" src=\"https:\/\/staging.turkiskasvattajat.fi\/wp-content\/uploads\/2019\/01\/header-videoarkiv-wpcf_400x225.jpg\" alt=\"Videoarkivet | P\u00e4lsn\u00e4ringen \u00e4r i goda h\u00e4nder \u00e4ven i framtiden\" class=\"ooc-hidden\" \/>\n            <div class=\"text\">\n              <h2><strong>P\u00e4lsn\u00e4ringen \u00e4r i goda h\u00e4nder<\/strong>\n                <br \/>\u00e4ven i framtiden<\/h2><\/div>\n          <\/a>\n\t\t\n          <a href=\"https:\/\/staging.turkiskasvattajat.fi\/sv\/till-media\/\" class=\"ooc-pages-slider-item\" style=\"background-image: url(https:\/\/staging.turkiskasvattajat.fi\/wp-content\/uploads\/2019\/01\/header-medialle-wpcf_400x225.jpg)\">\n            <img decoding=\"async\" src=\"https:\/\/staging.turkiskasvattajat.fi\/wp-content\/uploads\/2019\/01\/header-medialle-wpcf_400x225.jpg\" alt=\"Till media | Mer \u00e4n tusen ord \" class=\"ooc-hidden\" \/>\n            <div class=\"text\">\n              <h2><strong>Mer \u00e4n tusen ord<\/strong>\n                <\/h2><\/div>\n          <\/a>\n\t\t\n          <a href=\"https:\/\/staging.turkiskasvattajat.fi\/sv\/palsen\/\" class=\"ooc-pages-slider-item\" style=\"background-image: url(https:\/\/staging.turkiskasvattajat.fi\/wp-content\/uploads\/2018\/12\/palsen-header-wpcf_400x225.jpg)\">\n            <img decoding=\"async\" src=\"https:\/\/staging.turkiskasvattajat.fi\/wp-content\/uploads\/2018\/12\/palsen-header-wpcf_400x225.jpg\" alt=\"P\u00e4lsen | En inhemsk p\u00e4ls \u00e4r ett p\u00e5litligt plagg \" class=\"ooc-hidden\" \/>\n            <div class=\"text\">\n              <h2><strong>En inhemsk p\u00e4ls \u00e4r ett p\u00e5litligt plagg<\/strong>\n                <\/h2><\/div>\n          <\/a>\n\t\t\n          <a href=\"https:\/\/staging.turkiskasvattajat.fi\/sv\/naringen\/\" class=\"ooc-pages-slider-item\" style=\"background-image: url(https:\/\/staging.turkiskasvattajat.fi\/wp-content\/uploads\/2019\/01\/181809_esk_0599-wpcf_400x267.jpg)\">\n            <img decoding=\"async\" src=\"https:\/\/staging.turkiskasvattajat.fi\/wp-content\/uploads\/2019\/01\/181809_esk_0599-wpcf_400x267.jpg\" alt=\"N\u00e4ringen | Livskraft, livskvalitet och en bra vardag\" class=\"ooc-hidden\" \/>\n            <div class=\"text\">\n              <h2><strong>Livskraft, livskvalitet<\/strong>\n                <br \/>och en bra vardag<\/h2><\/div>\n          <\/a>\n\t\t\n          <a href=\"https:\/\/staging.turkiskasvattajat.fi\/sv\/kontakt\/\" class=\"ooc-pages-slider-item\" style=\"background-image: url(https:\/\/staging.turkiskasvattajat.fi\/wp-content\/uploads\/2019\/01\/header-kontakt-wpcf_400x225.png)\">\n            <img decoding=\"async\" src=\"https:\/\/staging.turkiskasvattajat.fi\/wp-content\/uploads\/2019\/01\/header-kontakt-wpcf_400x225.png\" alt=\"Kontakt | Vi uppskattar att du h\u00f6r av dig \" class=\"ooc-hidden\" \/>\n            <div class=\"text\">\n              <h2><strong>Vi uppskattar att du h\u00f6r av dig<\/strong>\n                <\/h2><\/div>\n          <\/a>\n\t\t\n          <a href=\"https:\/\/staging.turkiskasvattajat.fi\/sv\/fotoarkivet\/\" class=\"ooc-pages-slider-item\" style=\"background-image: url(https:\/\/staging.turkiskasvattajat.fi\/wp-content\/uploads\/2019\/01\/header-videoarkiv-wpcf_400x225.jpg)\">\n            <img decoding=\"async\" src=\"https:\/\/staging.turkiskasvattajat.fi\/wp-content\/uploads\/2019\/01\/header-videoarkiv-wpcf_400x225.jpg\" alt=\"Fotoarkivet | P\u00e4lsn\u00e4ringen \u00e4r i goda h\u00e4nder \u00e4ven i framtiden\" class=\"ooc-hidden\" \/>\n            <div class=\"text\">\n              <h2><strong>P\u00e4lsn\u00e4ringen \u00e4r i goda h\u00e4nder<\/strong>\n                <br \/>\u00e4ven i framtiden<\/h2><\/div>\n          <\/a>\n\t\t\n          <a href=\"https:\/\/staging.turkiskasvattajat.fi\/sv\/foretagaren\/\" class=\"ooc-pages-slider-item\" style=\"background-image: url(https:\/\/staging.turkiskasvattajat.fi\/wp-content\/uploads\/2018\/12\/header-foretagaren-wpcf_400x225.jpg)\">\n            <img decoding=\"async\" src=\"https:\/\/staging.turkiskasvattajat.fi\/wp-content\/uploads\/2018\/12\/header-foretagaren-wpcf_400x225.jpg\" alt=\"F\u00f6retagaren | Del av en l\u00e5ng generationskedja \" class=\"ooc-hidden\" \/>\n            <div class=\"text\">\n              <h2><strong>Del av en l\u00e5ng generationskedja<\/strong>\n                <\/h2><\/div>\n          <\/a>\n\t\t\n          <a href=\"https:\/\/staging.turkiskasvattajat.fi\/sv\/farmen\/\" class=\"ooc-pages-slider-item\" style=\"background-image: url(https:\/\/staging.turkiskasvattajat.fi\/wp-content\/uploads\/2018\/12\/header-farmen-wpcf_400x225.jpg)\">\n            <img decoding=\"async\" src=\"https:\/\/staging.turkiskasvattajat.fi\/wp-content\/uploads\/2018\/12\/header-farmen-wpcf_400x225.jpg\" alt=\"Farmen | P\u00e4lsdjurens v\u00e4lm\u00e5ende \u00e4r en hj\u00e4rtesak f\u00f6r oss\" class=\"ooc-hidden\" \/>\n            <div class=\"text\">\n              <h2><strong>P\u00e4lsdjurens v\u00e4lm\u00e5ende<\/strong>\n                <br \/>\u00e4r en hj\u00e4rtesak f\u00f6r oss<\/h2><\/div>\n          <\/a>\n\t\t\n          <a href=\"https:\/\/staging.turkiskasvattajat.fi\/sv\/faq\/\" class=\"ooc-pages-slider-item\" style=\"background-image: url(https:\/\/staging.turkiskasvattajat.fi\/wp-content\/uploads\/2019\/01\/faq-header-wpcf_400x225.png)\">\n            <img decoding=\"async\" src=\"https:\/\/staging.turkiskasvattajat.fi\/wp-content\/uploads\/2019\/01\/faq-header-wpcf_400x225.png\" alt=\"FAQ | Fr\u00e5ga hellre - gissa inte. \" class=\"ooc-hidden\" \/>\n            <div class=\"text\">\n              <h2><strong>Fr\u00e5ga hellre - gissa inte.<\/strong>\n                <\/h2><\/div>\n          <\/a>\n\t\t\n          <a href=\"https:\/\/staging.turkiskasvattajat.fi\/sv\/aktuellt\/\" class=\"ooc-pages-slider-item\" style=\"background-image: url(https:\/\/staging.turkiskasvattajat.fi\/wp-content\/uploads\/2019\/01\/header-ajankohtaista-wpcf_400x213.png)\">\n            <img decoding=\"async\" src=\"https:\/\/staging.turkiskasvattajat.fi\/wp-content\/uploads\/2019\/01\/header-ajankohtaista-wpcf_400x213.png\" alt=\"Aktuellt | Senaste nytt inom p\u00e4lsbranschen \" class=\"ooc-hidden\" \/>\n            <div class=\"text\">\n              <h2><strong>Senaste nytt inom p\u00e4lsbranschen<\/strong>\n                <\/h2><\/div>\n          <\/a>\n\t\t\n\t\n  <\/div>\n\t\n                                              \n\t\n<\/div>\n\n[\/vc_column_text][\/vc_column][\/vc_row][\/vc_section]<\/p>\n<\/div>","protected":false},"excerpt":{"rendered":"<p>[vc_section full_width=&#8221;stretch_row_content&#8221; full_height=&#8221;yes&#8221; content_placement=&#8221;bottom&#8221; css=&#8221;.vc_custom_1543028048505{background-image: url(https:\/\/staging.turkiskasvattajat.fi\/wp-content\/uploads\/2018\/11\/headerbild.jpg?id=132) !important;}&#8221; el_class=&#8221;ooc-hero&#8221;][vc_row][vc_column][vc_column_text css_animation=&#8221;none&#8221; el_class=&#8221;ooc-header-textblock&#8221;] Fr\u00e5n generation till generation \u2013 s\u00e5som det alltid varit [\/vc_column_text][\/vc_column][\/vc_row][vc_row][vc_column][vc_raw_html]JTNDYSUyMGhyZWYlM0QlMjIlMjMlMjElMkZzY3JvbGwlMjIlMjBjbGFzcyUzRCUyMm9vYy1zY3JvbGwtaWNvbiUyMGFuY2hvci1saW5rJTIyJTNFJTNDJTJGYSUzRQ==[\/vc_raw_html][\/vc_column][\/vc_row][\/vc_section][vc_section css=&#8221;.vc_custom_1548238044546{margin-top: 60px !important;margin-bottom: 60px !important;}&#8221; el_id=&#8221;scroll&#8221;][vc_row][vc_column][vc_column_text el_class=&#8221;ooc-titles-with-icons&#8221;] Med varje djurs v\u00e4lm\u00e5ende i fokus \u2013 alltid Naturligt varm Del av den finl\u00e4ndska bioekonomin Fram\u00e5tstr\u00e4vande uppf\u00f6dare \u2013 stolt f\u00f6retagande [\/vc_column_text][\/vc_column][\/vc_row][\/vc_section][vc_section full_width=&#8221;stretch_row&#8221;][vc_row full_width=&#8221;stretch_row_content_no_spaces&#8221; content_placement=&#8221;middle&#8221; css=&#8221;.vc_custom_1548238105808{margin-top: 60px !important;margin-bottom: 80px&hellip;<\/p>\n","protected":false},"author":2,"featured_media":0,"parent":0,"menu_order":0,"comment_status":"closed","ping_status":"closed","template":"","meta":{"footnotes":""},"_links":{"self":[{"href":"https:\/\/staging.turkiskasvattajat.fi\/sv\/wp-json\/wp\/v2\/pages\/317"}],"collection":[{"href":"https:\/\/staging.turkiskasvattajat.fi\/sv\/wp-json\/wp\/v2\/pages"}],"about":[{"href":"https:\/\/staging.turkiskasvattajat.fi\/sv\/wp-json\/wp\/v2\/types\/page"}],"author":[{"embeddable":true,"href":"https:\/\/staging.turkiskasvattajat.fi\/sv\/wp-json\/wp\/v2\/users\/2"}],"replies":[{"embeddable":true,"href":"https:\/\/staging.turkiskasvattajat.fi\/sv\/wp-json\/wp\/v2\/comments?post=317"}],"version-history":[{"count":10,"href":"https:\/\/staging.turkiskasvattajat.fi\/sv\/wp-json\/wp\/v2\/pages\/317\/revisions"}],"predecessor-version":[{"id":1009,"href":"https:\/\/staging.turkiskasvattajat.fi\/sv\/wp-json\/wp\/v2\/pages\/317\/revisions\/1009"}],"wp:attachment":[{"href":"https:\/\/staging.turkiskasvattajat.fi\/sv\/wp-json\/wp\/v2\/media?parent=317"}],"curies":[{"name":"wp","href":"https:\/\/api.w.org\/{rel}","templated":true}]}}